{"id":2895,"date":"2025-07-22T14:41:57","date_gmt":"2025-07-22T14:41:57","guid":{"rendered":"https:\/\/serfozoglutenfree.hu\/?post_type=product&#038;p=2895"},"modified":"2025-07-22T14:43:03","modified_gmt":"2025-07-22T14:43:03","slug":"hagymas-zsomle","status":"publish","type":"product","link":"https:\/\/serfozoglutenfree.hu\/?product=hagymas-zsomle","title":{"rendered":"Hagym\u00e1s Zs\u00f6mle"},"content":{"rendered":"<p><strong>\u00d6sszetev\u0151k<\/strong><\/p>\n<p>V\u00edz, glut\u00e9nmentes teljes ki\u0151rl\u00e9s\u0171 bio rizsliszt, teljes ki\u0151rl\u00e9s\u0171 bio zabpehelyliszt, bio t\u00e1pi\u00f3kaliszt, psyllium, bambuszrost, \u00a0sz\u00e1r\u00edtott v\u00f6r\u00f6shagyma, bio sz\u0171retlen almaecet,himalaya s\u00f3, sz\u00f3dbikarb\u00f3na, xanthan, \u00e9leszt\u0151, bio n\u00e1dcukor, citromsav<\/p>\n<p>Nett\u00f3 t\u00f6meg: 70 g<\/p>\n<p><strong>T\u00e1panyag\/100g<\/strong><\/p>\n<p>Sz\u00e9nhidr\u00e1t: 34g Ebb\u0151l cukor 0,6g<\/p>\n<p>Feh\u00e9rje:3g<\/p>\n<p>Rost: 3,7g<\/p>\n<p>Tel\u00edtett zs\u00edr: 1g<\/p>\n<p>Tel\u00edtetlen zs\u00edr:0,4 g<\/p>\n<p>S\u00f3: 0,6 g<\/p>\n<p>Energia: 159 kcal 672kj<\/p>\n<p>&nbsp;<\/p>\n<p>Glut\u00e9nmentes, Sz\u00f3jamentes, Tart\u00f3s\u00edt\u00f3szermentes, Veg\u00e1n<\/p>\n<p>Di\u00f3t, mandul\u00e1t, mogyor\u00f3t, szez\u00e1mmagotot feldolgoz\u00f3 \u00fczemben k\u00e9sz\u00fclt.<\/p>\n","protected":false},"excerpt":{"rendered":"<p>Teljes ki\u0151rl\u00e9s\u0171, glut\u00e9nmentes, veg\u00e1n baguette, organikus alapanyagokb\u00f3l, ami val\u00f3di keny\u00e9r\u00e9lm\u00e9nyt ad.<\/p>\n<p>Els\u0151 k\u00f3stol\u00e1s ut\u00e1n garant\u00e1ljuk, hogy a rajong\u00f3ja leszel!<\/p>\n","protected":false},"featured_media":1506,"template":"","meta":{"_acf_changed":false,"_monsterinsights_skip_tracking":false,"_monsterinsights_sitenote_active":false,"_monsterinsights_sitenote_note":"","_monsterinsights_sitenote_category":0},"product_brand":[],"product_cat":[44,53,69,54,43],"product_tag":[],"class_list":{"0":"post-2895","1":"product","2":"type-product","3":"status-publish","4":"has-post-thumbnail","6":"product_cat-glutenmentes","7":"product_cat-kenyerek","8":"product_cat-szojamentes","9":"product_cat-tartositoszer-mentes","10":"product_cat-vegan","11":"pa_elorendeles-azonnali-rendeles","12":"pa_elorendeles-karacsonyi-elorendeles","14":"first","15":"instock","16":"taxable","17":"shipping-taxable","18":"purchasable","19":"product-type-simple"},"acf":[],"yoast_head":"<!-- This site is optimized with the Yoast SEO plugin v26.6 - https:\/\/yoast.com\/wordpress\/plugins\/seo\/ -->\n<title>Hagym\u00e1s Zs\u00f6mle - Serf\u0151z\u0151 Gluten Free Bakery<\/title>\n<meta name=\"robots\" content=\"index, follow, max-snippet:-1, max-image-preview:large, max-video-preview:-1\" \/>\n<link rel=\"canonical\" href=\"https:\/\/serfozoglutenfree.hu\/?product=hagymas-zsomle\" \/>\n<meta property=\"og:locale\" content=\"hu_HU\" \/>\n<meta property=\"og:type\" content=\"article\" \/>\n<meta property=\"og:title\" content=\"Hagym\u00e1s Zs\u00f6mle - Serf\u0151z\u0151 Gluten Free Bakery\" \/>\n<meta property=\"og:description\" content=\"Teljes ki\u0151rl\u00e9s\u0171, glut\u00e9nmentes, veg\u00e1n baguette, organikus alapanyagokb\u00f3l, ami val\u00f3di keny\u00e9r\u00e9lm\u00e9nyt ad.  Els\u0151 k\u00f3stol\u00e1s ut\u00e1n garant\u00e1ljuk, hogy a rajong\u00f3ja leszel!\" \/>\n<meta property=\"og:url\" content=\"https:\/\/serfozoglutenfree.hu\/?product=hagymas-zsomle\" \/>\n<meta property=\"og:site_name\" content=\"Serf\u0151z\u0151 Gluten Free Bakery\" \/>\n<meta property=\"article:modified_time\" content=\"2025-07-22T14:43:03+00:00\" \/>\n<meta property=\"og:image\" content=\"https:\/\/serfozoglutenfree.hu\/wp-content\/uploads\/2021\/11\/IMG_1420.jpg\" \/>\n\t<meta property=\"og:image:width\" content=\"1280\" \/>\n\t<meta property=\"og:image:height\" content=\"853\" \/>\n\t<meta property=\"og:image:type\" content=\"image\/jpeg\" \/>\n<meta name=\"twitter:card\" content=\"summary_large_image\" \/>\n<meta name=\"twitter:label1\" content=\"Becs\u00fclt olvas\u00e1si id\u0151\" \/>\n\t<meta name=\"twitter:data1\" content=\"1 perc\" \/>\n<script type=\"application\/ld+json\" class=\"yoast-schema-graph\">{\"@context\":\"https:\/\/schema.org\",\"@graph\":[{\"@type\":\"WebPage\",\"@id\":\"https:\/\/serfozoglutenfree.hu\/?product=hagymas-zsomle\",\"url\":\"https:\/\/serfozoglutenfree.hu\/?product=hagymas-zsomle\",\"name\":\"Hagym\u00e1s Zs\u00f6mle - Serf\u0151z\u0151 Gluten Free Bakery\",\"isPartOf\":{\"@id\":\"https:\/\/serfozoglutenfree.hu\/#website\"},\"primaryImageOfPage\":{\"@id\":\"https:\/\/serfozoglutenfree.hu\/?product=hagymas-zsomle#primaryimage\"},\"image\":{\"@id\":\"https:\/\/serfozoglutenfree.hu\/?product=hagymas-zsomle#primaryimage\"},\"thumbnailUrl\":\"https:\/\/serfozoglutenfree.hu\/wp-content\/uploads\/2021\/11\/IMG_1420.jpg\",\"datePublished\":\"2025-07-22T14:41:57+00:00\",\"dateModified\":\"2025-07-22T14:43:03+00:00\",\"breadcrumb\":{\"@id\":\"https:\/\/serfozoglutenfree.hu\/?product=hagymas-zsomle#breadcrumb\"},\"inLanguage\":\"hu\",\"potentialAction\":[{\"@type\":\"ReadAction\",\"target\":[\"https:\/\/serfozoglutenfree.hu\/?product=hagymas-zsomle\"]}]},{\"@type\":\"ImageObject\",\"inLanguage\":\"hu\",\"@id\":\"https:\/\/serfozoglutenfree.hu\/?product=hagymas-zsomle#primaryimage\",\"url\":\"https:\/\/serfozoglutenfree.hu\/wp-content\/uploads\/2021\/11\/IMG_1420.jpg\",\"contentUrl\":\"https:\/\/serfozoglutenfree.hu\/wp-content\/uploads\/2021\/11\/IMG_1420.jpg\",\"width\":1280,\"height\":853},{\"@type\":\"BreadcrumbList\",\"@id\":\"https:\/\/serfozoglutenfree.hu\/?product=hagymas-zsomle#breadcrumb\",\"itemListElement\":[{\"@type\":\"ListItem\",\"position\":1,\"name\":\"Home\",\"item\":\"https:\/\/serfozoglutenfree.hu\/\"},{\"@type\":\"ListItem\",\"position\":2,\"name\":\"Shop\",\"item\":\"https:\/\/serfozoglutenfree.hu\/?page_id=158\"},{\"@type\":\"ListItem\",\"position\":3,\"name\":\"Hagym\u00e1s Zs\u00f6mle\"}]},{\"@type\":\"WebSite\",\"@id\":\"https:\/\/serfozoglutenfree.hu\/#website\",\"url\":\"https:\/\/serfozoglutenfree.hu\/\",\"name\":\"Serf\u0151z\u0151 Gluten Free Bakery\",\"description\":\"Pr\u00e9mium min\u0151s\u00e9g\u0171 glut\u00e9nmentes, bio teljes ki\u0151rl\u00e9s\u0171 lisztekb\u0151l k\u00e9sz\u00fclt kenyerek cs\u00f6kkentett sz\u00e9nhidr\u00e1t-, magas rosttartalommal.\",\"potentialAction\":[{\"@type\":\"SearchAction\",\"target\":{\"@type\":\"EntryPoint\",\"urlTemplate\":\"https:\/\/serfozoglutenfree.hu\/?s={search_term_string}\"},\"query-input\":{\"@type\":\"PropertyValueSpecification\",\"valueRequired\":true,\"valueName\":\"search_term_string\"}}],\"inLanguage\":\"hu\"}]}<\/script>\n<!-- \/ Yoast SEO plugin. -->","yoast_head_json":{"title":"Hagym\u00e1s Zs\u00f6mle - Serf\u0151z\u0151 Gluten Free Bakery","robots":{"index":"index","follow":"follow","max-snippet":"max-snippet:-1","max-image-preview":"max-image-preview:large","max-video-preview":"max-video-preview:-1"},"canonical":"https:\/\/serfozoglutenfree.hu\/?product=hagymas-zsomle","og_locale":"hu_HU","og_type":"article","og_title":"Hagym\u00e1s Zs\u00f6mle - Serf\u0151z\u0151 Gluten Free Bakery","og_description":"Teljes ki\u0151rl\u00e9s\u0171, glut\u00e9nmentes, veg\u00e1n baguette, organikus alapanyagokb\u00f3l, ami val\u00f3di keny\u00e9r\u00e9lm\u00e9nyt ad.  Els\u0151 k\u00f3stol\u00e1s ut\u00e1n garant\u00e1ljuk, hogy a rajong\u00f3ja leszel!","og_url":"https:\/\/serfozoglutenfree.hu\/?product=hagymas-zsomle","og_site_name":"Serf\u0151z\u0151 Gluten Free Bakery","article_modified_time":"2025-07-22T14:43:03+00:00","og_image":[{"width":1280,"height":853,"url":"https:\/\/serfozoglutenfree.hu\/wp-content\/uploads\/2021\/11\/IMG_1420.jpg","type":"image\/jpeg"}],"twitter_card":"summary_large_image","twitter_misc":{"Becs\u00fclt olvas\u00e1si id\u0151":"1 perc"},"schema":{"@context":"https:\/\/schema.org","@graph":[{"@type":"WebPage","@id":"https:\/\/serfozoglutenfree.hu\/?product=hagymas-zsomle","url":"https:\/\/serfozoglutenfree.hu\/?product=hagymas-zsomle","name":"Hagym\u00e1s Zs\u00f6mle - Serf\u0151z\u0151 Gluten Free Bakery","isPartOf":{"@id":"https:\/\/serfozoglutenfree.hu\/#website"},"primaryImageOfPage":{"@id":"https:\/\/serfozoglutenfree.hu\/?product=hagymas-zsomle#primaryimage"},"image":{"@id":"https:\/\/serfozoglutenfree.hu\/?product=hagymas-zsomle#primaryimage"},"thumbnailUrl":"https:\/\/serfozoglutenfree.hu\/wp-content\/uploads\/2021\/11\/IMG_1420.jpg","datePublished":"2025-07-22T14:41:57+00:00","dateModified":"2025-07-22T14:43:03+00:00","breadcrumb":{"@id":"https:\/\/serfozoglutenfree.hu\/?product=hagymas-zsomle#breadcrumb"},"inLanguage":"hu","potentialAction":[{"@type":"ReadAction","target":["https:\/\/serfozoglutenfree.hu\/?product=hagymas-zsomle"]}]},{"@type":"ImageObject","inLanguage":"hu","@id":"https:\/\/serfozoglutenfree.hu\/?product=hagymas-zsomle#primaryimage","url":"https:\/\/serfozoglutenfree.hu\/wp-content\/uploads\/2021\/11\/IMG_1420.jpg","contentUrl":"https:\/\/serfozoglutenfree.hu\/wp-content\/uploads\/2021\/11\/IMG_1420.jpg","width":1280,"height":853},{"@type":"BreadcrumbList","@id":"https:\/\/serfozoglutenfree.hu\/?product=hagymas-zsomle#breadcrumb","itemListElement":[{"@type":"ListItem","position":1,"name":"Home","item":"https:\/\/serfozoglutenfree.hu\/"},{"@type":"ListItem","position":2,"name":"Shop","item":"https:\/\/serfozoglutenfree.hu\/?page_id=158"},{"@type":"ListItem","position":3,"name":"Hagym\u00e1s Zs\u00f6mle"}]},{"@type":"WebSite","@id":"https:\/\/serfozoglutenfree.hu\/#website","url":"https:\/\/serfozoglutenfree.hu\/","name":"Serf\u0151z\u0151 Gluten Free Bakery","description":"Pr\u00e9mium min\u0151s\u00e9g\u0171 glut\u00e9nmentes, bio teljes ki\u0151rl\u00e9s\u0171 lisztekb\u0151l k\u00e9sz\u00fclt kenyerek cs\u00f6kkentett sz\u00e9nhidr\u00e1t-, magas rosttartalommal.","potentialAction":[{"@type":"SearchAction","target":{"@type":"EntryPoint","urlTemplate":"https:\/\/serfozoglutenfree.hu\/?s={search_term_string}"},"query-input":{"@type":"PropertyValueSpecification","valueRequired":true,"valueName":"search_term_string"}}],"inLanguage":"hu"}]}},"_links":{"self":[{"href":"https:\/\/serfozoglutenfree.hu\/index.php?rest_route=\/wp\/v2\/product\/2895","targetHints":{"allow":["GET"]}}],"collection":[{"href":"https:\/\/serfozoglutenfree.hu\/index.php?rest_route=\/wp\/v2\/product"}],"about":[{"href":"https:\/\/serfozoglutenfree.hu\/index.php?rest_route=\/wp\/v2\/types\/product"}],"wp:featuredmedia":[{"embeddable":true,"href":"https:\/\/serfozoglutenfree.hu\/index.php?rest_route=\/wp\/v2\/media\/1506"}],"wp:attachment":[{"href":"https:\/\/serfozoglutenfree.hu\/index.php?rest_route=%2Fwp%2Fv2%2Fmedia&parent=2895"}],"wp:term":[{"taxonomy":"product_brand","embeddable":true,"href":"https:\/\/serfozoglutenfree.hu\/index.php?rest_route=%2Fwp%2Fv2%2Fproduct_brand&post=2895"},{"taxonomy":"product_cat","embeddable":true,"href":"https:\/\/serfozoglutenfree.hu\/index.php?rest_route=%2Fwp%2Fv2%2Fproduct_cat&post=2895"},{"taxonomy":"product_tag","embeddable":true,"href":"https:\/\/serfozoglutenfree.hu\/index.php?rest_route=%2Fwp%2Fv2%2Fproduct_tag&post=2895"}],"curies":[{"name":"wp","href":"https:\/\/api.w.org\/{rel}","templated":true}]}}