{"id":2883,"date":"2025-05-25T17:47:28","date_gmt":"2025-05-25T17:47:28","guid":{"rendered":"https:\/\/serfozoglutenfree.hu\/?post_type=product&#038;p=2883"},"modified":"2025-05-25T17:49:05","modified_gmt":"2025-05-25T17:49:05","slug":"glutenmentes-baguette-vegan-teljes-kiorlesu","status":"publish","type":"product","link":"https:\/\/serfozoglutenfree.hu\/?product=glutenmentes-baguette-vegan-teljes-kiorlesu","title":{"rendered":"Baguette"},"content":{"rendered":"<p>\u00d6sszetev\u0151k: V\u00edz, glut\u00e9nmentes teljes ki\u0151rl\u00e9s\u0171 bio rizsliszt, teljes ki\u0151rl\u00e9s\u0171 bio glut\u00e9nmentes zabliszt, bio t\u00e1pi\u00f3kaliszt, psyllium, bambuszrost, bio sz\u0171retlen almaecet, himalaya s\u00f3, sz\u00f3dbikarb\u00f3na, xanthan, \u00e9leszt\u0151, n\u00e1dcukor, citromsav<\/p>\n<p>Nett\u00f3 t\u00f6meg: 190g<\/p>\n<p><strong>T\u00e1panyag\/100g<\/strong><\/p>\n<p>Sz\u00e9nhidr\u00e1t: 34g Ebb\u0151l cukor 0,6g<\/p>\n<p>Feh\u00e9rje:3g<\/p>\n<p>Rost: 3,7g<\/p>\n<p>Tel\u00edtett zs\u00edr: 1g<\/p>\n<p>Tel\u00edtetlen zs\u00edr:0,4 g<\/p>\n<p>S\u00f3: 0,6 g<\/p>\n<p>Energia: 159 kcal 672kj<\/p>\n<p>&nbsp;<\/p>\n<p>Glut\u00e9nmentes, Sz\u00f3jamentes, Tart\u00f3s\u00edt\u00f3szermentes, Veg\u00e1n<\/p>\n<p>Di\u00f3t, mandul\u00e1t, mogyor\u00f3t, szez\u00e1mmagotot feldolgoz\u00f3 \u00fczemben k\u00e9sz\u00fclt.<\/p>\n","protected":false},"excerpt":{"rendered":"<p>Ropog\u00f3s h\u00e9j\u00fa, bel\u00fcl pihe puha, leveg\u0151s baguett\u00fcnk igazi keny\u00e9r \u00e9lm\u00e9ny, kompromisszumok n\u00e9lk\u00fcl. K\u00e9sz\u00edthetsz bel\u0151le hideg \u00e9s meleg szendvicset, bepakolhatod t\u00f6bb napos utaz\u00e1sra, mert az \u00e1llaga kiv\u00e1l\u00f3 marad, nem morzs\u00e1l\u00f3dik sz\u00e9t \u00e9s nem kem\u00e9nyedig meg. Fagyaszthatod, \u00e9s amikor szeretn\u00e9d megenni, csak dobd be 180 fokos s\u00fct\u0151be 10-15 percre \u00e9s var\u00e1zsolj az asztalra friss kenyeret!<\/p>\n","protected":false},"featured_media":2884,"template":"","meta":{"_acf_changed":false,"_monsterinsights_skip_tracking":false,"_monsterinsights_sitenote_active":false,"_monsterinsights_sitenote_note":"","_monsterinsights_sitenote_category":0},"product_brand":[],"product_cat":[],"product_tag":[],"class_list":{"0":"post-2883","1":"product","2":"type-product","3":"status-publish","4":"has-post-thumbnail","7":"first","8":"instock","9":"taxable","10":"shipping-taxable","11":"purchasable","12":"product-type-simple"},"acf":[],"yoast_head":"<!-- This site is optimized with the Yoast SEO plugin v26.6 - https:\/\/yoast.com\/wordpress\/plugins\/seo\/ -->\n<title>Baguette - Serf\u0151z\u0151 Gluten Free Bakery<\/title>\n<meta name=\"robots\" content=\"index, follow, max-snippet:-1, max-image-preview:large, max-video-preview:-1\" \/>\n<link rel=\"canonical\" href=\"https:\/\/serfozoglutenfree.hu\/?product=glutenmentes-baguette-vegan-teljes-kiorlesu\" \/>\n<meta property=\"og:locale\" content=\"hu_HU\" \/>\n<meta property=\"og:type\" content=\"article\" \/>\n<meta property=\"og:title\" content=\"Baguette - Serf\u0151z\u0151 Gluten Free Bakery\" \/>\n<meta property=\"og:description\" content=\"Ropog\u00f3s h\u00e9j\u00fa, bel\u00fcl pihe puha, leveg\u0151s baguett\u00fcnk igazi keny\u00e9r \u00e9lm\u00e9ny, kompromisszumok n\u00e9lk\u00fcl. K\u00e9sz\u00edthetsz bel\u0151le hideg \u00e9s meleg szendvicset, bepakolhatod t\u00f6bb napos utaz\u00e1sra, mert az \u00e1llaga kiv\u00e1l\u00f3 marad, nem morzs\u00e1l\u00f3dik sz\u00e9t \u00e9s nem kem\u00e9nyedig meg. Fagyaszthatod, \u00e9s amikor szeretn\u00e9d megenni, csak dobd be 180 fokos s\u00fct\u0151be 10-15 percre \u00e9s var\u00e1zsolj az asztalra friss kenyeret!\" \/>\n<meta property=\"og:url\" content=\"https:\/\/serfozoglutenfree.hu\/?product=glutenmentes-baguette-vegan-teljes-kiorlesu\" \/>\n<meta property=\"og:site_name\" content=\"Serf\u0151z\u0151 Gluten Free Bakery\" \/>\n<meta property=\"article:modified_time\" content=\"2025-05-25T17:49:05+00:00\" \/>\n<meta property=\"og:image\" content=\"https:\/\/serfozoglutenfree.hu\/wp-content\/uploads\/2025\/05\/IMG_4534.png\" \/>\n\t<meta property=\"og:image:width\" content=\"1500\" \/>\n\t<meta property=\"og:image:height\" content=\"2000\" \/>\n\t<meta property=\"og:image:type\" content=\"image\/png\" \/>\n<meta name=\"twitter:card\" content=\"summary_large_image\" \/>\n<meta name=\"twitter:label1\" content=\"Becs\u00fclt olvas\u00e1si id\u0151\" \/>\n\t<meta name=\"twitter:data1\" content=\"1 perc\" \/>\n<script type=\"application\/ld+json\" class=\"yoast-schema-graph\">{\"@context\":\"https:\/\/schema.org\",\"@graph\":[{\"@type\":\"WebPage\",\"@id\":\"https:\/\/serfozoglutenfree.hu\/?product=glutenmentes-baguette-vegan-teljes-kiorlesu\",\"url\":\"https:\/\/serfozoglutenfree.hu\/?product=glutenmentes-baguette-vegan-teljes-kiorlesu\",\"name\":\"Baguette - Serf\u0151z\u0151 Gluten Free Bakery\",\"isPartOf\":{\"@id\":\"https:\/\/serfozoglutenfree.hu\/#website\"},\"primaryImageOfPage\":{\"@id\":\"https:\/\/serfozoglutenfree.hu\/?product=glutenmentes-baguette-vegan-teljes-kiorlesu#primaryimage\"},\"image\":{\"@id\":\"https:\/\/serfozoglutenfree.hu\/?product=glutenmentes-baguette-vegan-teljes-kiorlesu#primaryimage\"},\"thumbnailUrl\":\"https:\/\/serfozoglutenfree.hu\/wp-content\/uploads\/2025\/05\/IMG_4534.png\",\"datePublished\":\"2025-05-25T17:47:28+00:00\",\"dateModified\":\"2025-05-25T17:49:05+00:00\",\"breadcrumb\":{\"@id\":\"https:\/\/serfozoglutenfree.hu\/?product=glutenmentes-baguette-vegan-teljes-kiorlesu#breadcrumb\"},\"inLanguage\":\"hu\",\"potentialAction\":[{\"@type\":\"ReadAction\",\"target\":[\"https:\/\/serfozoglutenfree.hu\/?product=glutenmentes-baguette-vegan-teljes-kiorlesu\"]}]},{\"@type\":\"ImageObject\",\"inLanguage\":\"hu\",\"@id\":\"https:\/\/serfozoglutenfree.hu\/?product=glutenmentes-baguette-vegan-teljes-kiorlesu#primaryimage\",\"url\":\"https:\/\/serfozoglutenfree.hu\/wp-content\/uploads\/2025\/05\/IMG_4534.png\",\"contentUrl\":\"https:\/\/serfozoglutenfree.hu\/wp-content\/uploads\/2025\/05\/IMG_4534.png\",\"width\":1500,\"height\":2000},{\"@type\":\"BreadcrumbList\",\"@id\":\"https:\/\/serfozoglutenfree.hu\/?product=glutenmentes-baguette-vegan-teljes-kiorlesu#breadcrumb\",\"itemListElement\":[{\"@type\":\"ListItem\",\"position\":1,\"name\":\"Home\",\"item\":\"https:\/\/serfozoglutenfree.hu\/\"},{\"@type\":\"ListItem\",\"position\":2,\"name\":\"Shop\",\"item\":\"https:\/\/serfozoglutenfree.hu\/?page_id=158\"},{\"@type\":\"ListItem\",\"position\":3,\"name\":\"Baguette\"}]},{\"@type\":\"WebSite\",\"@id\":\"https:\/\/serfozoglutenfree.hu\/#website\",\"url\":\"https:\/\/serfozoglutenfree.hu\/\",\"name\":\"Serf\u0151z\u0151 Gluten Free Bakery\",\"description\":\"Pr\u00e9mium min\u0151s\u00e9g\u0171 glut\u00e9nmentes, bio teljes ki\u0151rl\u00e9s\u0171 lisztekb\u0151l k\u00e9sz\u00fclt kenyerek cs\u00f6kkentett sz\u00e9nhidr\u00e1t-, magas rosttartalommal.\",\"potentialAction\":[{\"@type\":\"SearchAction\",\"target\":{\"@type\":\"EntryPoint\",\"urlTemplate\":\"https:\/\/serfozoglutenfree.hu\/?s={search_term_string}\"},\"query-input\":{\"@type\":\"PropertyValueSpecification\",\"valueRequired\":true,\"valueName\":\"search_term_string\"}}],\"inLanguage\":\"hu\"}]}<\/script>\n<!-- \/ Yoast SEO plugin. -->","yoast_head_json":{"title":"Baguette - Serf\u0151z\u0151 Gluten Free Bakery","robots":{"index":"index","follow":"follow","max-snippet":"max-snippet:-1","max-image-preview":"max-image-preview:large","max-video-preview":"max-video-preview:-1"},"canonical":"https:\/\/serfozoglutenfree.hu\/?product=glutenmentes-baguette-vegan-teljes-kiorlesu","og_locale":"hu_HU","og_type":"article","og_title":"Baguette - Serf\u0151z\u0151 Gluten Free Bakery","og_description":"Ropog\u00f3s h\u00e9j\u00fa, bel\u00fcl pihe puha, leveg\u0151s baguett\u00fcnk igazi keny\u00e9r \u00e9lm\u00e9ny, kompromisszumok n\u00e9lk\u00fcl. K\u00e9sz\u00edthetsz bel\u0151le hideg \u00e9s meleg szendvicset, bepakolhatod t\u00f6bb napos utaz\u00e1sra, mert az \u00e1llaga kiv\u00e1l\u00f3 marad, nem morzs\u00e1l\u00f3dik sz\u00e9t \u00e9s nem kem\u00e9nyedig meg. Fagyaszthatod, \u00e9s amikor szeretn\u00e9d megenni, csak dobd be 180 fokos s\u00fct\u0151be 10-15 percre \u00e9s var\u00e1zsolj az asztalra friss kenyeret!","og_url":"https:\/\/serfozoglutenfree.hu\/?product=glutenmentes-baguette-vegan-teljes-kiorlesu","og_site_name":"Serf\u0151z\u0151 Gluten Free Bakery","article_modified_time":"2025-05-25T17:49:05+00:00","og_image":[{"width":1500,"height":2000,"url":"https:\/\/serfozoglutenfree.hu\/wp-content\/uploads\/2025\/05\/IMG_4534.png","type":"image\/png"}],"twitter_card":"summary_large_image","twitter_misc":{"Becs\u00fclt olvas\u00e1si id\u0151":"1 perc"},"schema":{"@context":"https:\/\/schema.org","@graph":[{"@type":"WebPage","@id":"https:\/\/serfozoglutenfree.hu\/?product=glutenmentes-baguette-vegan-teljes-kiorlesu","url":"https:\/\/serfozoglutenfree.hu\/?product=glutenmentes-baguette-vegan-teljes-kiorlesu","name":"Baguette - Serf\u0151z\u0151 Gluten Free Bakery","isPartOf":{"@id":"https:\/\/serfozoglutenfree.hu\/#website"},"primaryImageOfPage":{"@id":"https:\/\/serfozoglutenfree.hu\/?product=glutenmentes-baguette-vegan-teljes-kiorlesu#primaryimage"},"image":{"@id":"https:\/\/serfozoglutenfree.hu\/?product=glutenmentes-baguette-vegan-teljes-kiorlesu#primaryimage"},"thumbnailUrl":"https:\/\/serfozoglutenfree.hu\/wp-content\/uploads\/2025\/05\/IMG_4534.png","datePublished":"2025-05-25T17:47:28+00:00","dateModified":"2025-05-25T17:49:05+00:00","breadcrumb":{"@id":"https:\/\/serfozoglutenfree.hu\/?product=glutenmentes-baguette-vegan-teljes-kiorlesu#breadcrumb"},"inLanguage":"hu","potentialAction":[{"@type":"ReadAction","target":["https:\/\/serfozoglutenfree.hu\/?product=glutenmentes-baguette-vegan-teljes-kiorlesu"]}]},{"@type":"ImageObject","inLanguage":"hu","@id":"https:\/\/serfozoglutenfree.hu\/?product=glutenmentes-baguette-vegan-teljes-kiorlesu#primaryimage","url":"https:\/\/serfozoglutenfree.hu\/wp-content\/uploads\/2025\/05\/IMG_4534.png","contentUrl":"https:\/\/serfozoglutenfree.hu\/wp-content\/uploads\/2025\/05\/IMG_4534.png","width":1500,"height":2000},{"@type":"BreadcrumbList","@id":"https:\/\/serfozoglutenfree.hu\/?product=glutenmentes-baguette-vegan-teljes-kiorlesu#breadcrumb","itemListElement":[{"@type":"ListItem","position":1,"name":"Home","item":"https:\/\/serfozoglutenfree.hu\/"},{"@type":"ListItem","position":2,"name":"Shop","item":"https:\/\/serfozoglutenfree.hu\/?page_id=158"},{"@type":"ListItem","position":3,"name":"Baguette"}]},{"@type":"WebSite","@id":"https:\/\/serfozoglutenfree.hu\/#website","url":"https:\/\/serfozoglutenfree.hu\/","name":"Serf\u0151z\u0151 Gluten Free Bakery","description":"Pr\u00e9mium min\u0151s\u00e9g\u0171 glut\u00e9nmentes, bio teljes ki\u0151rl\u00e9s\u0171 lisztekb\u0151l k\u00e9sz\u00fclt kenyerek cs\u00f6kkentett sz\u00e9nhidr\u00e1t-, magas rosttartalommal.","potentialAction":[{"@type":"SearchAction","target":{"@type":"EntryPoint","urlTemplate":"https:\/\/serfozoglutenfree.hu\/?s={search_term_string}"},"query-input":{"@type":"PropertyValueSpecification","valueRequired":true,"valueName":"search_term_string"}}],"inLanguage":"hu"}]}},"_links":{"self":[{"href":"https:\/\/serfozoglutenfree.hu\/index.php?rest_route=\/wp\/v2\/product\/2883","targetHints":{"allow":["GET"]}}],"collection":[{"href":"https:\/\/serfozoglutenfree.hu\/index.php?rest_route=\/wp\/v2\/product"}],"about":[{"href":"https:\/\/serfozoglutenfree.hu\/index.php?rest_route=\/wp\/v2\/types\/product"}],"wp:featuredmedia":[{"embeddable":true,"href":"https:\/\/serfozoglutenfree.hu\/index.php?rest_route=\/wp\/v2\/media\/2884"}],"wp:attachment":[{"href":"https:\/\/serfozoglutenfree.hu\/index.php?rest_route=%2Fwp%2Fv2%2Fmedia&parent=2883"}],"wp:term":[{"taxonomy":"product_brand","embeddable":true,"href":"https:\/\/serfozoglutenfree.hu\/index.php?rest_route=%2Fwp%2Fv2%2Fproduct_brand&post=2883"},{"taxonomy":"product_cat","embeddable":true,"href":"https:\/\/serfozoglutenfree.hu\/index.php?rest_route=%2Fwp%2Fv2%2Fproduct_cat&post=2883"},{"taxonomy":"product_tag","embeddable":true,"href":"https:\/\/serfozoglutenfree.hu\/index.php?rest_route=%2Fwp%2Fv2%2Fproduct_tag&post=2883"}],"curies":[{"name":"wp","href":"https:\/\/api.w.org\/{rel}","templated":true}]}}