{"id":1401,"date":"2021-05-09T14:26:49","date_gmt":"2021-05-09T14:26:49","guid":{"rendered":"https:\/\/serfozoglutenfree.hu\/?post_type=product&#038;p=1401"},"modified":"2025-02-10T11:35:06","modified_gmt":"2025-02-10T11:35:06","slug":"epres-sajttorta","status":"publish","type":"product","link":"https:\/\/serfozoglutenfree.hu\/?product=epres-sajttorta","title":{"rendered":"Epres &#8222;sajttorta"},"content":{"rendered":"<p>\u00d6sszetev\u0151k: bio kesudi\u00f3, bio spanyol mandula, bio eper, friss bio citrom, k\u00f3kuszolaj, bio nyers ak\u00e1cm\u00e9z, bio cukormentes mandulatej, bio van\u00edlia<\/p>\n<p>&nbsp;<\/p>\n","protected":false},"excerpt":{"rendered":"<p>Az eper \u00e9s friss citrom friss\u00edt\u0151 tal\u00e1lkoz\u00e1sa, kr\u00e9mes \u00e9s ropog\u00f3s text\u00far\u00e1k, 8 szelet ny\u00e1r.<\/p>\n<p>K\u00f6z\u00f6ns\u00e9gkedvenc &#8222;nyers&#8221; tort\u00e1nk 90%-ban organikus alapanyagokb\u00f3l k\u00e9sz\u00fcl, \u00a0bio nyers ak\u00e1cm\u00e9zzel \u00e9des\u00edtett. Nem fogod megb\u00e1nni.<\/p>\n<p>&nbsp;<\/p>\n<p>Kiz\u00e1r\u00f3lag szem\u00e9lyes \u00e1tv\u00e9tellel rendelhet\u0151, sz\u00e1ll\u00edt\u00e1s k\u00f6zben is h\u0171t\u00e9st ig\u00e9nyel a ny\u00e1ri id\u0151szakban.<\/p>\n<p>&nbsp;<\/p>\n","protected":false},"featured_media":1494,"template":"","meta":{"_acf_changed":false,"_monsterinsights_skip_tracking":false,"_monsterinsights_sitenote_active":false,"_monsterinsights_sitenote_note":"","_monsterinsights_sitenote_category":0},"product_brand":[],"product_cat":[59],"product_tag":[85],"class_list":{"0":"post-1401","1":"product","2":"type-product","3":"status-publish","4":"has-post-thumbnail","6":"product_cat-desszertek","7":"product_tag-desszertek","9":"first","10":"instock","11":"taxable","12":"shipping-taxable","13":"purchasable","14":"product-type-simple"},"acf":[],"yoast_head":"<!-- This site is optimized with the Yoast SEO plugin v26.6 - https:\/\/yoast.com\/wordpress\/plugins\/seo\/ -->\n<title>Epres &quot;sajttorta - Serf\u0151z\u0151 Gluten Free Bakery<\/title>\n<meta name=\"robots\" content=\"index, follow, max-snippet:-1, max-image-preview:large, max-video-preview:-1\" \/>\n<link rel=\"canonical\" href=\"https:\/\/serfozoglutenfree.hu\/?product=epres-sajttorta\" \/>\n<meta property=\"og:locale\" content=\"hu_HU\" \/>\n<meta property=\"og:type\" content=\"article\" \/>\n<meta property=\"og:title\" content=\"Epres &quot;sajttorta - Serf\u0151z\u0151 Gluten Free Bakery\" \/>\n<meta property=\"og:description\" content=\"Az eper \u00e9s friss citrom friss\u00edt\u0151 tal\u00e1lkoz\u00e1sa, kr\u00e9mes \u00e9s ropog\u00f3s text\u00far\u00e1k, 8 szelet ny\u00e1r.  K\u00f6z\u00f6ns\u00e9gkedvenc &quot;nyers&quot; tort\u00e1nk 90%-ban organikus alapanyagokb\u00f3l k\u00e9sz\u00fcl, \u00a0bio nyers ak\u00e1cm\u00e9zzel \u00e9des\u00edtett. Nem fogod megb\u00e1nni.  &nbsp;  Kiz\u00e1r\u00f3lag szem\u00e9lyes \u00e1tv\u00e9tellel rendelhet\u0151, sz\u00e1ll\u00edt\u00e1s k\u00f6zben is h\u0171t\u00e9st ig\u00e9nyel a ny\u00e1ri id\u0151szakban.  &nbsp;\" \/>\n<meta property=\"og:url\" content=\"https:\/\/serfozoglutenfree.hu\/?product=epres-sajttorta\" \/>\n<meta property=\"og:site_name\" content=\"Serf\u0151z\u0151 Gluten Free Bakery\" \/>\n<meta property=\"article:modified_time\" content=\"2025-02-10T11:35:06+00:00\" \/>\n<meta property=\"og:image\" content=\"https:\/\/serfozoglutenfree.hu\/wp-content\/uploads\/2021\/11\/IMG_1405.jpg\" \/>\n\t<meta property=\"og:image:width\" content=\"1479\" \/>\n\t<meta property=\"og:image:height\" content=\"1357\" \/>\n\t<meta property=\"og:image:type\" content=\"image\/jpeg\" \/>\n<meta name=\"twitter:card\" content=\"summary_large_image\" \/>\n<meta name=\"twitter:label1\" content=\"Becs\u00fclt olvas\u00e1si id\u0151\" \/>\n\t<meta name=\"twitter:data1\" content=\"1 perc\" \/>\n<script type=\"application\/ld+json\" class=\"yoast-schema-graph\">{\"@context\":\"https:\/\/schema.org\",\"@graph\":[{\"@type\":\"WebPage\",\"@id\":\"https:\/\/serfozoglutenfree.hu\/?product=epres-sajttorta\",\"url\":\"https:\/\/serfozoglutenfree.hu\/?product=epres-sajttorta\",\"name\":\"Epres \\\"sajttorta - Serf\u0151z\u0151 Gluten Free Bakery\",\"isPartOf\":{\"@id\":\"https:\/\/serfozoglutenfree.hu\/#website\"},\"primaryImageOfPage\":{\"@id\":\"https:\/\/serfozoglutenfree.hu\/?product=epres-sajttorta#primaryimage\"},\"image\":{\"@id\":\"https:\/\/serfozoglutenfree.hu\/?product=epres-sajttorta#primaryimage\"},\"thumbnailUrl\":\"https:\/\/serfozoglutenfree.hu\/wp-content\/uploads\/2021\/11\/IMG_1405.jpg\",\"datePublished\":\"2021-05-09T14:26:49+00:00\",\"dateModified\":\"2025-02-10T11:35:06+00:00\",\"breadcrumb\":{\"@id\":\"https:\/\/serfozoglutenfree.hu\/?product=epres-sajttorta#breadcrumb\"},\"inLanguage\":\"hu\",\"potentialAction\":[{\"@type\":\"ReadAction\",\"target\":[\"https:\/\/serfozoglutenfree.hu\/?product=epres-sajttorta\"]}]},{\"@type\":\"ImageObject\",\"inLanguage\":\"hu\",\"@id\":\"https:\/\/serfozoglutenfree.hu\/?product=epres-sajttorta#primaryimage\",\"url\":\"https:\/\/serfozoglutenfree.hu\/wp-content\/uploads\/2021\/11\/IMG_1405.jpg\",\"contentUrl\":\"https:\/\/serfozoglutenfree.hu\/wp-content\/uploads\/2021\/11\/IMG_1405.jpg\",\"width\":1479,\"height\":1357},{\"@type\":\"BreadcrumbList\",\"@id\":\"https:\/\/serfozoglutenfree.hu\/?product=epres-sajttorta#breadcrumb\",\"itemListElement\":[{\"@type\":\"ListItem\",\"position\":1,\"name\":\"Home\",\"item\":\"https:\/\/serfozoglutenfree.hu\/\"},{\"@type\":\"ListItem\",\"position\":2,\"name\":\"Shop\",\"item\":\"https:\/\/serfozoglutenfree.hu\/?page_id=158\"},{\"@type\":\"ListItem\",\"position\":3,\"name\":\"Epres &#8222;sajttorta\"}]},{\"@type\":\"WebSite\",\"@id\":\"https:\/\/serfozoglutenfree.hu\/#website\",\"url\":\"https:\/\/serfozoglutenfree.hu\/\",\"name\":\"Serf\u0151z\u0151 Gluten Free Bakery\",\"description\":\"Pr\u00e9mium min\u0151s\u00e9g\u0171 glut\u00e9nmentes, bio teljes ki\u0151rl\u00e9s\u0171 lisztekb\u0151l k\u00e9sz\u00fclt kenyerek cs\u00f6kkentett sz\u00e9nhidr\u00e1t-, magas rosttartalommal.\",\"potentialAction\":[{\"@type\":\"SearchAction\",\"target\":{\"@type\":\"EntryPoint\",\"urlTemplate\":\"https:\/\/serfozoglutenfree.hu\/?s={search_term_string}\"},\"query-input\":{\"@type\":\"PropertyValueSpecification\",\"valueRequired\":true,\"valueName\":\"search_term_string\"}}],\"inLanguage\":\"hu\"}]}<\/script>\n<!-- \/ Yoast SEO plugin. -->","yoast_head_json":{"title":"Epres \"sajttorta - Serf\u0151z\u0151 Gluten Free Bakery","robots":{"index":"index","follow":"follow","max-snippet":"max-snippet:-1","max-image-preview":"max-image-preview:large","max-video-preview":"max-video-preview:-1"},"canonical":"https:\/\/serfozoglutenfree.hu\/?product=epres-sajttorta","og_locale":"hu_HU","og_type":"article","og_title":"Epres \"sajttorta - Serf\u0151z\u0151 Gluten Free Bakery","og_description":"Az eper \u00e9s friss citrom friss\u00edt\u0151 tal\u00e1lkoz\u00e1sa, kr\u00e9mes \u00e9s ropog\u00f3s text\u00far\u00e1k, 8 szelet ny\u00e1r.  K\u00f6z\u00f6ns\u00e9gkedvenc \"nyers\" tort\u00e1nk 90%-ban organikus alapanyagokb\u00f3l k\u00e9sz\u00fcl, \u00a0bio nyers ak\u00e1cm\u00e9zzel \u00e9des\u00edtett. Nem fogod megb\u00e1nni.  &nbsp;  Kiz\u00e1r\u00f3lag szem\u00e9lyes \u00e1tv\u00e9tellel rendelhet\u0151, sz\u00e1ll\u00edt\u00e1s k\u00f6zben is h\u0171t\u00e9st ig\u00e9nyel a ny\u00e1ri id\u0151szakban.  &nbsp;","og_url":"https:\/\/serfozoglutenfree.hu\/?product=epres-sajttorta","og_site_name":"Serf\u0151z\u0151 Gluten Free Bakery","article_modified_time":"2025-02-10T11:35:06+00:00","og_image":[{"width":1479,"height":1357,"url":"https:\/\/serfozoglutenfree.hu\/wp-content\/uploads\/2021\/11\/IMG_1405.jpg","type":"image\/jpeg"}],"twitter_card":"summary_large_image","twitter_misc":{"Becs\u00fclt olvas\u00e1si id\u0151":"1 perc"},"schema":{"@context":"https:\/\/schema.org","@graph":[{"@type":"WebPage","@id":"https:\/\/serfozoglutenfree.hu\/?product=epres-sajttorta","url":"https:\/\/serfozoglutenfree.hu\/?product=epres-sajttorta","name":"Epres \"sajttorta - Serf\u0151z\u0151 Gluten Free Bakery","isPartOf":{"@id":"https:\/\/serfozoglutenfree.hu\/#website"},"primaryImageOfPage":{"@id":"https:\/\/serfozoglutenfree.hu\/?product=epres-sajttorta#primaryimage"},"image":{"@id":"https:\/\/serfozoglutenfree.hu\/?product=epres-sajttorta#primaryimage"},"thumbnailUrl":"https:\/\/serfozoglutenfree.hu\/wp-content\/uploads\/2021\/11\/IMG_1405.jpg","datePublished":"2021-05-09T14:26:49+00:00","dateModified":"2025-02-10T11:35:06+00:00","breadcrumb":{"@id":"https:\/\/serfozoglutenfree.hu\/?product=epres-sajttorta#breadcrumb"},"inLanguage":"hu","potentialAction":[{"@type":"ReadAction","target":["https:\/\/serfozoglutenfree.hu\/?product=epres-sajttorta"]}]},{"@type":"ImageObject","inLanguage":"hu","@id":"https:\/\/serfozoglutenfree.hu\/?product=epres-sajttorta#primaryimage","url":"https:\/\/serfozoglutenfree.hu\/wp-content\/uploads\/2021\/11\/IMG_1405.jpg","contentUrl":"https:\/\/serfozoglutenfree.hu\/wp-content\/uploads\/2021\/11\/IMG_1405.jpg","width":1479,"height":1357},{"@type":"BreadcrumbList","@id":"https:\/\/serfozoglutenfree.hu\/?product=epres-sajttorta#breadcrumb","itemListElement":[{"@type":"ListItem","position":1,"name":"Home","item":"https:\/\/serfozoglutenfree.hu\/"},{"@type":"ListItem","position":2,"name":"Shop","item":"https:\/\/serfozoglutenfree.hu\/?page_id=158"},{"@type":"ListItem","position":3,"name":"Epres &#8222;sajttorta"}]},{"@type":"WebSite","@id":"https:\/\/serfozoglutenfree.hu\/#website","url":"https:\/\/serfozoglutenfree.hu\/","name":"Serf\u0151z\u0151 Gluten Free Bakery","description":"Pr\u00e9mium min\u0151s\u00e9g\u0171 glut\u00e9nmentes, bio teljes ki\u0151rl\u00e9s\u0171 lisztekb\u0151l k\u00e9sz\u00fclt kenyerek cs\u00f6kkentett sz\u00e9nhidr\u00e1t-, magas rosttartalommal.","potentialAction":[{"@type":"SearchAction","target":{"@type":"EntryPoint","urlTemplate":"https:\/\/serfozoglutenfree.hu\/?s={search_term_string}"},"query-input":{"@type":"PropertyValueSpecification","valueRequired":true,"valueName":"search_term_string"}}],"inLanguage":"hu"}]}},"_links":{"self":[{"href":"https:\/\/serfozoglutenfree.hu\/index.php?rest_route=\/wp\/v2\/product\/1401","targetHints":{"allow":["GET"]}}],"collection":[{"href":"https:\/\/serfozoglutenfree.hu\/index.php?rest_route=\/wp\/v2\/product"}],"about":[{"href":"https:\/\/serfozoglutenfree.hu\/index.php?rest_route=\/wp\/v2\/types\/product"}],"wp:featuredmedia":[{"embeddable":true,"href":"https:\/\/serfozoglutenfree.hu\/index.php?rest_route=\/wp\/v2\/media\/1494"}],"wp:attachment":[{"href":"https:\/\/serfozoglutenfree.hu\/index.php?rest_route=%2Fwp%2Fv2%2Fmedia&parent=1401"}],"wp:term":[{"taxonomy":"product_brand","embeddable":true,"href":"https:\/\/serfozoglutenfree.hu\/index.php?rest_route=%2Fwp%2Fv2%2Fproduct_brand&post=1401"},{"taxonomy":"product_cat","embeddable":true,"href":"https:\/\/serfozoglutenfree.hu\/index.php?rest_route=%2Fwp%2Fv2%2Fproduct_cat&post=1401"},{"taxonomy":"product_tag","embeddable":true,"href":"https:\/\/serfozoglutenfree.hu\/index.php?rest_route=%2Fwp%2Fv2%2Fproduct_tag&post=1401"}],"curies":[{"name":"wp","href":"https:\/\/api.w.org\/{rel}","templated":true}]}}