{"id":1309,"date":"2025-05-16T08:43:02","date_gmt":"2025-05-16T08:43:02","guid":{"rendered":"https:\/\/serfozoglutenfree.hu\/?post_type=product&#038;p=1309"},"modified":"2025-05-16T08:43:48","modified_gmt":"2025-05-16T08:43:48","slug":"szilvalekvaros-mandula-croissant","status":"publish","type":"product","link":"https:\/\/serfozoglutenfree.hu\/?product=szilvalekvaros-mandula-croissant","title":{"rendered":"Szilvalekv\u00e1ros Mandula Croissant"},"content":{"rendered":"","protected":false},"excerpt":{"rendered":"<p>Puha mandulat\u00e9szta, bio nyers m\u00e9zzel \u00e9des\u00edtve, benne pedig 100 %-os szatm\u00e1ri szilvalekv\u00e1r. T\u00f6k\u00e9letes reggeli vagy uzsonna, glut\u00e9n \u00e9s tejmentesen.<\/p>\n<p>&nbsp;<\/p>\n","protected":false},"featured_media":2575,"template":"","meta":{"_acf_changed":false,"_monsterinsights_skip_tracking":false,"_monsterinsights_sitenote_active":false,"_monsterinsights_sitenote_note":"","_monsterinsights_sitenote_category":0},"product_brand":[],"product_cat":[],"product_tag":[],"class_list":{"0":"post-1309","1":"product","2":"type-product","3":"status-publish","4":"has-post-thumbnail","7":"first","8":"instock","9":"taxable","10":"shipping-taxable","11":"purchasable","12":"product-type-simple"},"acf":[],"yoast_head":"<!-- This site is optimized with the Yoast SEO plugin v26.6 - https:\/\/yoast.com\/wordpress\/plugins\/seo\/ -->\n<title>Szilvalekv\u00e1ros Mandula Croissant - Serf\u0151z\u0151 Gluten Free Bakery<\/title>\n<meta name=\"robots\" content=\"index, follow, max-snippet:-1, max-image-preview:large, max-video-preview:-1\" \/>\n<link rel=\"canonical\" href=\"https:\/\/serfozoglutenfree.hu\/?product=szilvalekvaros-mandula-croissant\" \/>\n<meta property=\"og:locale\" content=\"hu_HU\" \/>\n<meta property=\"og:type\" content=\"article\" \/>\n<meta property=\"og:title\" content=\"Szilvalekv\u00e1ros Mandula Croissant - Serf\u0151z\u0151 Gluten Free Bakery\" \/>\n<meta property=\"og:description\" content=\"Puha mandulat\u00e9szta, bio nyers m\u00e9zzel \u00e9des\u00edtve, benne pedig 100 %-os szatm\u00e1ri szilvalekv\u00e1r. T\u00f6k\u00e9letes reggeli vagy uzsonna, glut\u00e9n \u00e9s tejmentesen.  &nbsp;\" \/>\n<meta property=\"og:url\" content=\"https:\/\/serfozoglutenfree.hu\/?product=szilvalekvaros-mandula-croissant\" \/>\n<meta property=\"og:site_name\" content=\"Serf\u0151z\u0151 Gluten Free Bakery\" \/>\n<meta property=\"article:modified_time\" content=\"2025-05-16T08:43:48+00:00\" \/>\n<meta property=\"og:image\" content=\"https:\/\/serfozoglutenfree.hu\/wp-content\/uploads\/2023\/10\/2a.jpg\" \/>\n\t<meta property=\"og:image:width\" content=\"2048\" \/>\n\t<meta property=\"og:image:height\" content=\"1365\" \/>\n\t<meta property=\"og:image:type\" content=\"image\/jpeg\" \/>\n<meta name=\"twitter:card\" content=\"summary_large_image\" \/>\n<meta name=\"twitter:label1\" content=\"Becs\u00fclt olvas\u00e1si id\u0151\" \/>\n\t<meta name=\"twitter:data1\" content=\"1 perc\" \/>\n<script type=\"application\/ld+json\" class=\"yoast-schema-graph\">{\"@context\":\"https:\/\/schema.org\",\"@graph\":[{\"@type\":\"WebPage\",\"@id\":\"https:\/\/serfozoglutenfree.hu\/?product=szilvalekvaros-mandula-croissant\",\"url\":\"https:\/\/serfozoglutenfree.hu\/?product=szilvalekvaros-mandula-croissant\",\"name\":\"Szilvalekv\u00e1ros Mandula Croissant - Serf\u0151z\u0151 Gluten Free Bakery\",\"isPartOf\":{\"@id\":\"https:\/\/serfozoglutenfree.hu\/#website\"},\"primaryImageOfPage\":{\"@id\":\"https:\/\/serfozoglutenfree.hu\/?product=szilvalekvaros-mandula-croissant#primaryimage\"},\"image\":{\"@id\":\"https:\/\/serfozoglutenfree.hu\/?product=szilvalekvaros-mandula-croissant#primaryimage\"},\"thumbnailUrl\":\"https:\/\/serfozoglutenfree.hu\/wp-content\/uploads\/2023\/10\/2a.jpg\",\"datePublished\":\"2025-05-16T08:43:02+00:00\",\"dateModified\":\"2025-05-16T08:43:48+00:00\",\"breadcrumb\":{\"@id\":\"https:\/\/serfozoglutenfree.hu\/?product=szilvalekvaros-mandula-croissant#breadcrumb\"},\"inLanguage\":\"hu\",\"potentialAction\":[{\"@type\":\"ReadAction\",\"target\":[\"https:\/\/serfozoglutenfree.hu\/?product=szilvalekvaros-mandula-croissant\"]}]},{\"@type\":\"ImageObject\",\"inLanguage\":\"hu\",\"@id\":\"https:\/\/serfozoglutenfree.hu\/?product=szilvalekvaros-mandula-croissant#primaryimage\",\"url\":\"https:\/\/serfozoglutenfree.hu\/wp-content\/uploads\/2023\/10\/2a.jpg\",\"contentUrl\":\"https:\/\/serfozoglutenfree.hu\/wp-content\/uploads\/2023\/10\/2a.jpg\",\"width\":2048,\"height\":1365},{\"@type\":\"BreadcrumbList\",\"@id\":\"https:\/\/serfozoglutenfree.hu\/?product=szilvalekvaros-mandula-croissant#breadcrumb\",\"itemListElement\":[{\"@type\":\"ListItem\",\"position\":1,\"name\":\"Home\",\"item\":\"https:\/\/serfozoglutenfree.hu\/\"},{\"@type\":\"ListItem\",\"position\":2,\"name\":\"Shop\",\"item\":\"https:\/\/serfozoglutenfree.hu\/?page_id=158\"},{\"@type\":\"ListItem\",\"position\":3,\"name\":\"Szilvalekv\u00e1ros Mandula Croissant\"}]},{\"@type\":\"WebSite\",\"@id\":\"https:\/\/serfozoglutenfree.hu\/#website\",\"url\":\"https:\/\/serfozoglutenfree.hu\/\",\"name\":\"Serf\u0151z\u0151 Gluten Free Bakery\",\"description\":\"Pr\u00e9mium min\u0151s\u00e9g\u0171 glut\u00e9nmentes, bio teljes ki\u0151rl\u00e9s\u0171 lisztekb\u0151l k\u00e9sz\u00fclt kenyerek cs\u00f6kkentett sz\u00e9nhidr\u00e1t-, magas rosttartalommal.\",\"potentialAction\":[{\"@type\":\"SearchAction\",\"target\":{\"@type\":\"EntryPoint\",\"urlTemplate\":\"https:\/\/serfozoglutenfree.hu\/?s={search_term_string}\"},\"query-input\":{\"@type\":\"PropertyValueSpecification\",\"valueRequired\":true,\"valueName\":\"search_term_string\"}}],\"inLanguage\":\"hu\"}]}<\/script>\n<!-- \/ Yoast SEO plugin. -->","yoast_head_json":{"title":"Szilvalekv\u00e1ros Mandula Croissant - Serf\u0151z\u0151 Gluten Free Bakery","robots":{"index":"index","follow":"follow","max-snippet":"max-snippet:-1","max-image-preview":"max-image-preview:large","max-video-preview":"max-video-preview:-1"},"canonical":"https:\/\/serfozoglutenfree.hu\/?product=szilvalekvaros-mandula-croissant","og_locale":"hu_HU","og_type":"article","og_title":"Szilvalekv\u00e1ros Mandula Croissant - Serf\u0151z\u0151 Gluten Free Bakery","og_description":"Puha mandulat\u00e9szta, bio nyers m\u00e9zzel \u00e9des\u00edtve, benne pedig 100 %-os szatm\u00e1ri szilvalekv\u00e1r. T\u00f6k\u00e9letes reggeli vagy uzsonna, glut\u00e9n \u00e9s tejmentesen.  &nbsp;","og_url":"https:\/\/serfozoglutenfree.hu\/?product=szilvalekvaros-mandula-croissant","og_site_name":"Serf\u0151z\u0151 Gluten Free Bakery","article_modified_time":"2025-05-16T08:43:48+00:00","og_image":[{"width":2048,"height":1365,"url":"https:\/\/serfozoglutenfree.hu\/wp-content\/uploads\/2023\/10\/2a.jpg","type":"image\/jpeg"}],"twitter_card":"summary_large_image","twitter_misc":{"Becs\u00fclt olvas\u00e1si id\u0151":"1 perc"},"schema":{"@context":"https:\/\/schema.org","@graph":[{"@type":"WebPage","@id":"https:\/\/serfozoglutenfree.hu\/?product=szilvalekvaros-mandula-croissant","url":"https:\/\/serfozoglutenfree.hu\/?product=szilvalekvaros-mandula-croissant","name":"Szilvalekv\u00e1ros Mandula Croissant - Serf\u0151z\u0151 Gluten Free Bakery","isPartOf":{"@id":"https:\/\/serfozoglutenfree.hu\/#website"},"primaryImageOfPage":{"@id":"https:\/\/serfozoglutenfree.hu\/?product=szilvalekvaros-mandula-croissant#primaryimage"},"image":{"@id":"https:\/\/serfozoglutenfree.hu\/?product=szilvalekvaros-mandula-croissant#primaryimage"},"thumbnailUrl":"https:\/\/serfozoglutenfree.hu\/wp-content\/uploads\/2023\/10\/2a.jpg","datePublished":"2025-05-16T08:43:02+00:00","dateModified":"2025-05-16T08:43:48+00:00","breadcrumb":{"@id":"https:\/\/serfozoglutenfree.hu\/?product=szilvalekvaros-mandula-croissant#breadcrumb"},"inLanguage":"hu","potentialAction":[{"@type":"ReadAction","target":["https:\/\/serfozoglutenfree.hu\/?product=szilvalekvaros-mandula-croissant"]}]},{"@type":"ImageObject","inLanguage":"hu","@id":"https:\/\/serfozoglutenfree.hu\/?product=szilvalekvaros-mandula-croissant#primaryimage","url":"https:\/\/serfozoglutenfree.hu\/wp-content\/uploads\/2023\/10\/2a.jpg","contentUrl":"https:\/\/serfozoglutenfree.hu\/wp-content\/uploads\/2023\/10\/2a.jpg","width":2048,"height":1365},{"@type":"BreadcrumbList","@id":"https:\/\/serfozoglutenfree.hu\/?product=szilvalekvaros-mandula-croissant#breadcrumb","itemListElement":[{"@type":"ListItem","position":1,"name":"Home","item":"https:\/\/serfozoglutenfree.hu\/"},{"@type":"ListItem","position":2,"name":"Shop","item":"https:\/\/serfozoglutenfree.hu\/?page_id=158"},{"@type":"ListItem","position":3,"name":"Szilvalekv\u00e1ros Mandula Croissant"}]},{"@type":"WebSite","@id":"https:\/\/serfozoglutenfree.hu\/#website","url":"https:\/\/serfozoglutenfree.hu\/","name":"Serf\u0151z\u0151 Gluten Free Bakery","description":"Pr\u00e9mium min\u0151s\u00e9g\u0171 glut\u00e9nmentes, bio teljes ki\u0151rl\u00e9s\u0171 lisztekb\u0151l k\u00e9sz\u00fclt kenyerek cs\u00f6kkentett sz\u00e9nhidr\u00e1t-, magas rosttartalommal.","potentialAction":[{"@type":"SearchAction","target":{"@type":"EntryPoint","urlTemplate":"https:\/\/serfozoglutenfree.hu\/?s={search_term_string}"},"query-input":{"@type":"PropertyValueSpecification","valueRequired":true,"valueName":"search_term_string"}}],"inLanguage":"hu"}]}},"_links":{"self":[{"href":"https:\/\/serfozoglutenfree.hu\/index.php?rest_route=\/wp\/v2\/product\/1309","targetHints":{"allow":["GET"]}}],"collection":[{"href":"https:\/\/serfozoglutenfree.hu\/index.php?rest_route=\/wp\/v2\/product"}],"about":[{"href":"https:\/\/serfozoglutenfree.hu\/index.php?rest_route=\/wp\/v2\/types\/product"}],"wp:featuredmedia":[{"embeddable":true,"href":"https:\/\/serfozoglutenfree.hu\/index.php?rest_route=\/wp\/v2\/media\/2575"}],"wp:attachment":[{"href":"https:\/\/serfozoglutenfree.hu\/index.php?rest_route=%2Fwp%2Fv2%2Fmedia&parent=1309"}],"wp:term":[{"taxonomy":"product_brand","embeddable":true,"href":"https:\/\/serfozoglutenfree.hu\/index.php?rest_route=%2Fwp%2Fv2%2Fproduct_brand&post=1309"},{"taxonomy":"product_cat","embeddable":true,"href":"https:\/\/serfozoglutenfree.hu\/index.php?rest_route=%2Fwp%2Fv2%2Fproduct_cat&post=1309"},{"taxonomy":"product_tag","embeddable":true,"href":"https:\/\/serfozoglutenfree.hu\/index.php?rest_route=%2Fwp%2Fv2%2Fproduct_tag&post=1309"}],"curies":[{"name":"wp","href":"https:\/\/api.w.org\/{rel}","templated":true}]}}