{"id":463,"date":"2020-12-08T21:22:34","date_gmt":"2020-12-08T21:22:34","guid":{"rendered":"https:\/\/serfozoglutenfree.hu\/?page_id=463"},"modified":"2025-02-10T11:27:09","modified_gmt":"2025-02-10T11:27:09","slug":"glutenmentes-kenyerek","status":"publish","type":"page","link":"https:\/\/serfozoglutenfree.hu\/?page_id=463","title":{"rendered":"Kenyerek"},"content":{"rendered":"\t\t<div data-elementor-type=\"wp-page\" data-elementor-id=\"463\" class=\"elementor elementor-463\">\n\t\t\t\t\t\t<section class=\"elementor-section elementor-top-section elementor-element elementor-element-1be142b elementor-section-full_width elementor-reverse-mobile elementor-section-height-default elementor-section-height-default\" data-id=\"1be142b\" data-element_type=\"section\" data-settings=\"{&quot;background_background&quot;:&quot;classic&quot;}\">\n\t\t\t\t\t\t<div class=\"elementor-container elementor-column-gap-no\">\n\t\t\t\t\t<div class=\"elementor-column elementor-col-50 elementor-top-column elementor-element elementor-element-22dcdae\" data-id=\"22dcdae\" data-element_type=\"column\">\n\t\t\t<div class=\"elementor-widget-wrap elementor-element-populated\">\n\t\t\t\t\t\t<div class=\"elementor-element elementor-element-3b9b780 elementor-widget elementor-widget-heading\" data-id=\"3b9b780\" data-element_type=\"widget\" data-widget_type=\"heading.default\">\n\t\t\t\t<div class=\"elementor-widget-container\">\n\t\t\t\t\t<h1 class=\"elementor-heading-title elementor-size-default\">Glut\u00e9nmentes kenyerek<\/h1>\t\t\t\t<\/div>\n\t\t\t\t<\/div>\n\t\t\t\t\t<\/div>\n\t\t<\/div>\n\t\t\t\t<div class=\"elementor-column elementor-col-50 elementor-top-column elementor-element elementor-element-6035fef\" data-id=\"6035fef\" data-element_type=\"column\">\n\t\t\t<div class=\"elementor-widget-wrap elementor-element-populated\">\n\t\t\t\t\t\t<div class=\"elementor-element elementor-element-0d6376a elementor-widget elementor-widget-raven-image\" data-id=\"0d6376a\" data-element_type=\"widget\" data-widget_type=\"raven-image.default\">\n\t\t\t\t<div class=\"elementor-widget-container\">\n\t\t\t\t\t\t\t<div class=\"raven-image\">\n\t\t\n\t\t\n\t\t<img fetchpriority=\"high\" decoding=\"async\" width=\"2560\" height=\"1707\" src=\"https:\/\/serfozoglutenfree.hu\/wp-content\/uploads\/2020\/12\/Kenyer-foto-cimolfalra-pl-scaled.jpg\" class=\"attachment-full size-full wp-image-537\" alt=\"\" srcset=\"https:\/\/serfozoglutenfree.hu\/wp-content\/uploads\/2020\/12\/Kenyer-foto-cimolfalra-pl-scaled.jpg 2560w, https:\/\/serfozoglutenfree.hu\/wp-content\/uploads\/2020\/12\/Kenyer-foto-cimolfalra-pl-300x200.jpg 300w, https:\/\/serfozoglutenfree.hu\/wp-content\/uploads\/2020\/12\/Kenyer-foto-cimolfalra-pl-1024x683.jpg 1024w, https:\/\/serfozoglutenfree.hu\/wp-content\/uploads\/2020\/12\/Kenyer-foto-cimolfalra-pl-768x512.jpg 768w, https:\/\/serfozoglutenfree.hu\/wp-content\/uploads\/2020\/12\/Kenyer-foto-cimolfalra-pl-1536x1024.jpg 1536w, https:\/\/serfozoglutenfree.hu\/wp-content\/uploads\/2020\/12\/Kenyer-foto-cimolfalra-pl-2048x1365.jpg 2048w, https:\/\/serfozoglutenfree.hu\/wp-content\/uploads\/2020\/12\/Kenyer-foto-cimolfalra-pl-600x400.jpg 600w\" sizes=\"(max-width: 2560px) 100vw, 2560px\" \/>\t\t<\/div>\n\t\t\t\t\t\t<\/div>\n\t\t\t\t<\/div>\n\t\t\t\t\t<\/div>\n\t\t<\/div>\n\t\t\t\t\t<\/div>\n\t\t<\/section>\n\t\t\t\t<section class=\"elementor-section elementor-top-section elementor-element elementor-element-e0590f3 elementor-section-boxed elementor-section-height-default elementor-section-height-default\" data-id=\"e0590f3\" data-element_type=\"section\">\n\t\t\t\t\t\t<div class=\"elementor-container elementor-column-gap-no\">\n\t\t\t\t\t<div class=\"elementor-column elementor-col-100 elementor-top-column elementor-element elementor-element-aab8496\" data-id=\"aab8496\" data-element_type=\"column\">\n\t\t\t<div class=\"elementor-widget-wrap elementor-element-populated\">\n\t\t\t\t\t\t<div class=\"elementor-element elementor-element-a4d83e7 elementor-align-center elementor-widget elementor-widget-raven-heading\" data-id=\"a4d83e7\" data-element_type=\"widget\" data-widget_type=\"raven-heading.default\">\n\t\t\t\t<div class=\"elementor-widget-container\">\n\t\t\t\t\t\t\t<div class=\"raven-widget-wrapper\"><h2 class=\"raven-heading raven-heading-h2 raven-heading-norman-single\"><span class=\"raven-heading-title \">Kenyerek<\/span><\/h2><\/div>\n\t\t\t\t\t\t<\/div>\n\t\t\t\t<\/div>\n\t\t\t\t<div class=\"elementor-element elementor-element-f45c59e elementor-widget elementor-widget-spacer\" data-id=\"f45c59e\" data-element_type=\"widget\" data-widget_type=\"spacer.default\">\n\t\t\t\t<div class=\"elementor-widget-container\">\n\t\t\t\t\t\t\t<div class=\"elementor-spacer\">\n\t\t\t<div class=\"elementor-spacer-inner\"><\/div>\n\t\t<\/div>\n\t\t\t\t\t\t<\/div>\n\t\t\t\t<\/div>\n\t\t\t\t<div class=\"elementor-element elementor-element-4bcdab9 elementor-widget elementor-widget-text-editor\" data-id=\"4bcdab9\" data-element_type=\"widget\" data-widget_type=\"text-editor.default\">\n\t\t\t\t<div class=\"elementor-widget-container\">\n\t\t\t\t\t\t\t\t\t<p><span style=\"font-weight: 400;\">B\u00fcszk\u00e9k vagyunk r\u00e1, hogy 7 \u00e9ve t\u00f6k\u00e9letes\u00edtj\u00fck a glut\u00e9nmentes teljes ki\u00f6rl\u00e9s\u0171 baguett\u00fcnket receptj\u00e9t. <\/span><span style=\"font-weight: 400;\">Az indul\u00e1st\u00f3l sz\u00e1m\u00edtva 5 \u00e9v kellett ahhoz, hogy a saj\u00e1t \u00e9rt\u00e9krend\u00fcnk szerint t\u00f6k\u00e9letes kenyeret elk\u00e9sz\u00edts\u00fck, amire a v\u00e1s\u00e1rl\u00f3ink t\u00f6bbs\u00e9ge egy k\u00f3stol\u00e1s ut\u00e1n azt mondja, hogy ilyen finomat m\u00e9g nem evett. <\/span><span style=\"font-weight: 400;\"><br \/><\/span><span style=\"font-weight: 400;\">Titkos recept\u00far\u00e1nkhoz ellen\u0151rz\u00f6tten glut\u00e9nmentes, biodinamikus, teljes ki\u0151rl\u00e9s\u0171 rizslisztet, hajdin\u00e1t, k\u00f6lest, \u00e9desburgony\u00e1t \u00e9s hidegen sajtolt olajokat haszn\u00e1lunk. <\/span><span style=\"font-weight: 400;\"><br \/><\/span><span style=\"font-weight: 400;\">Az alapanyagok j\u00f3 r\u00e9sz\u00e9t organikus gazdas\u00e1gokb\u00f3l szerezz\u00fck be, \u00edgy tudjuk garant\u00e1lni vev\u0151ink sz\u00e1m\u00e1ra a kompromisszumok n\u00e9lk\u00fcli p\u00e1ratlan \u00edz\u00e9lm\u00e9nyt.\u00a0<\/span><\/p><p><span style=\"font-weight: 400;\">Jelenleg k\u00e9tf\u00e9le kenyeret tudsz rendelni t\u0151l\u00fcnk. K\u00f3stold meg a teljes ki\u0151rl\u00e9s\u0171 baguett\u00fcnket, vagy pr\u00f3b\u00e1ld ki a bi\u00f3 parmez\u00e1nos mandula ropog\u00f3st! <\/span><\/p>\t\t\t\t\t\t\t\t<\/div>\n\t\t\t\t<\/div>\n\t\t\t\t\t<\/div>\n\t\t<\/div>\n\t\t\t\t\t<\/div>\n\t\t<\/section>\n\t\t\t\t<section class=\"elementor-section elementor-top-section elementor-element elementor-element-2c3439f elementor-section-full_width elementor-section-height-default elementor-section-height-default\" data-id=\"2c3439f\" data-element_type=\"section\" data-settings=\"{&quot;background_background&quot;:&quot;classic&quot;}\">\n\t\t\t\t\t\t<div class=\"elementor-container elementor-column-gap-no\">\n\t\t\t\t\t<div class=\"elementor-column elementor-col-100 elementor-top-column elementor-element elementor-element-84830dc\" data-id=\"84830dc\" data-element_type=\"column\">\n\t\t\t<div class=\"elementor-widget-wrap\">\n\t\t\t\t\t\t\t<\/div>\n\t\t<\/div>\n\t\t\t\t\t<\/div>\n\t\t<\/section>\n\t\t\t\t<section class=\"elementor-section elementor-top-section elementor-element elementor-element-9673bb3 elementor-section-boxed elementor-section-height-default elementor-section-height-default\" data-id=\"9673bb3\" data-element_type=\"section\">\n\t\t\t\t\t\t<div class=\"elementor-container elementor-column-gap-default\">\n\t\t\t\t\t<div class=\"elementor-column elementor-col-100 elementor-top-column elementor-element elementor-element-21fd3d3\" data-id=\"21fd3d3\" data-element_type=\"column\">\n\t\t\t<div class=\"elementor-widget-wrap elementor-element-populated\">\n\t\t\t\t\t\t<div class=\"elementor-element elementor-element-edc50ea elementor-widget elementor-widget-raven-wc-products\" data-id=\"edc50ea\" data-element_type=\"widget\" data-settings=\"{&quot;query_orderby&quot;:&quot;date&quot;,&quot;query_order&quot;:&quot;DESC&quot;,&quot;query_offset&quot;:0,&quot;layout&quot;:&quot;default&quot;,&quot;columns&quot;:&quot;3&quot;,&quot;rows&quot;:&quot;3&quot;}\" data-widget_type=\"raven-wc-products.default\">\n\t\t\t\t<div class=\"elementor-widget-container\">\n\t\t\t\t\t\t\t<div\n\t\t\tclass=\"raven-wc-products-wrapper raven-wc-products-default\"\n\t\t\tdata-settings=\"{&quot;layout&quot;:&quot;default&quot;,&quot;total_pages&quot;:1,&quot;image_size&quot;:&quot;woocommerce_thumbnail&quot;,&quot;atc_button&quot;:&quot;&quot;}\"\n\t\t\tdata-query=\"{&quot;fallback_filter&quot;:null,&quot;\\u0000*\\u0000type&quot;:&quot;products&quot;,&quot;\\u0000*\\u0000attributes&quot;:{&quot;limit&quot;:9,&quot;columns&quot;:&quot;3&quot;,&quot;rows&quot;:&quot;3&quot;,&quot;orderby&quot;:&quot;date&quot;,&quot;order&quot;:&quot;DESC&quot;,&quot;ids&quot;:&quot;&quot;,&quot;skus&quot;:&quot;&quot;,&quot;category&quot;:&quot;53&quot;,&quot;cat_operator&quot;:&quot;IN&quot;,&quot;attribute&quot;:&quot;&quot;,&quot;terms&quot;:&quot;&quot;,&quot;terms_operator&quot;:&quot;IN&quot;,&quot;tag&quot;:&quot;&quot;,&quot;tag_operator&quot;:&quot;IN&quot;,&quot;visibility&quot;:&quot;visible&quot;,&quot;class&quot;:&quot;&quot;,&quot;page&quot;:1,&quot;paginate&quot;:false,&quot;cache&quot;:true,&quot;brand&quot;:&quot;&quot;,&quot;brand_operator&quot;:&quot;IN&quot;},&quot;\\u0000*\\u0000query_args&quot;:{&quot;post_type&quot;:&quot;product&quot;,&quot;post_status&quot;:&quot;publish&quot;,&quot;ignore_sticky_posts&quot;:true,&quot;no_found_rows&quot;:true,&quot;orderby&quot;:&quot;date ID&quot;,&quot;order&quot;:&quot;DESC&quot;,&quot;posts_per_page&quot;:9,&quot;meta_query&quot;:[],&quot;tax_query&quot;:[{&quot;taxonomy&quot;:&quot;product_visibility&quot;,&quot;field&quot;:&quot;term_taxonomy_id&quot;,&quot;terms&quot;:[4],&quot;operator&quot;:&quot;NOT IN&quot;},{&quot;taxonomy&quot;:&quot;product_cat&quot;,&quot;terms&quot;:[53],&quot;field&quot;:&quot;term_id&quot;,&quot;operator&quot;:&quot;IN&quot;,&quot;include_children&quot;:true}],&quot;fields&quot;:&quot;ids&quot;},&quot;\\u0000*\\u0000custom_visibility&quot;:false,&quot;context_id&quot;:&quot;ctx_0&quot;}\"\n\t\t\t\t\t>\n\t\t\t<h2 class=\"raven-wc-products-title\"><\/h2><div class=\"woocommerce columns-3 \"><ul class=\"products columns-3\">\n<li class=\"product type-product post-2895 status-publish first instock product_cat-glutenmentes product_cat-kenyerek product_cat-szojamentes product_cat-tartositoszer-mentes product_cat-vegan has-post-thumbnail taxable shipping-taxable purchasable product-type-simple\">\n\t<a href=\"https:\/\/serfozoglutenfree.hu\/?product=hagymas-zsomle\" class=\"woocommerce-LoopProduct-link woocommerce-loop-product__link\"><\/a><a href=\"\/index.php?rest_route=%2Fwp%2Fv2%2Fpages%2F463&#038;add-to-cart=2895\" aria-describedby=\"woocommerce_loop_add_to_cart_link_describedby_2895\" data-quantity=\"1\" class=\"button product_type_simple add_to_cart_button ajax_add_to_cart\" data-product_id=\"2895\" data-product_sku=\"\" aria-label=\"Kos\u00e1rba: &ldquo;Hagym\u00e1s Zs\u00f6mle&rdquo;\" rel=\"nofollow\" data-success_message=\"&ldquo;Hagym\u00e1s Zs\u00f6mle&rdquo; has been added to your cart\" role=\"button\">Kos\u00e1rba teszem<\/a>\t<span id=\"woocommerce_loop_add_to_cart_link_describedby_2895\" class=\"screen-reader-text\">\n\t\t\t<\/span>\n<\/li>\n<li class=\"product type-product post-1909 status-publish instock product_cat-glutenmentes product_cat-kenyerek product_cat-vegan has-post-thumbnail taxable shipping-taxable purchasable product-type-simple\">\n\t<a href=\"https:\/\/serfozoglutenfree.hu\/?product=zabpelyhes-magvas-mini-baguette\" class=\"woocommerce-LoopProduct-link woocommerce-loop-product__link\"><\/a><a href=\"\/index.php?rest_route=%2Fwp%2Fv2%2Fpages%2F463&#038;add-to-cart=1909\" aria-describedby=\"woocommerce_loop_add_to_cart_link_describedby_1909\" data-quantity=\"1\" class=\"button product_type_simple add_to_cart_button ajax_add_to_cart\" data-product_id=\"1909\" data-product_sku=\"\" aria-label=\"Kos\u00e1rba: &ldquo;Zabpelyhes  mini baguette&rdquo;\" rel=\"nofollow\" data-success_message=\"&ldquo;Zabpelyhes  mini baguette&rdquo; has been added to your cart\" role=\"button\">Kos\u00e1rba teszem<\/a>\t<span id=\"woocommerce_loop_add_to_cart_link_describedby_1909\" class=\"screen-reader-text\">\n\t\t\t<\/span>\n<\/li>\n<li class=\"product type-product post-1818 status-publish last instock product_cat-kenyerek has-post-thumbnail taxable shipping-taxable purchasable product-type-simple\">\n\t<a href=\"https:\/\/serfozoglutenfree.hu\/?product=hagymas-cipo\" class=\"woocommerce-LoopProduct-link woocommerce-loop-product__link\"><\/a><a href=\"\/index.php?rest_route=%2Fwp%2Fv2%2Fpages%2F463&#038;add-to-cart=1818\" aria-describedby=\"woocommerce_loop_add_to_cart_link_describedby_1818\" data-quantity=\"1\" class=\"button product_type_simple add_to_cart_button ajax_add_to_cart\" data-product_id=\"1818\" data-product_sku=\"\" aria-label=\"Kos\u00e1rba: &ldquo;Hagym\u00e1s cip\u00f3&rdquo;\" rel=\"nofollow\" data-success_message=\"&ldquo;Hagym\u00e1s cip\u00f3&rdquo; has been added to your cart\" role=\"button\">Kos\u00e1rba teszem<\/a>\t<span id=\"woocommerce_loop_add_to_cart_link_describedby_1818\" class=\"screen-reader-text\">\n\t\t\t<\/span>\n<\/li>\n<li class=\"product type-product post-1816 status-publish first instock product_cat-kenyerek has-post-thumbnail taxable shipping-taxable purchasable product-type-simple\">\n\t<a href=\"https:\/\/serfozoglutenfree.hu\/?product=cipo\" class=\"woocommerce-LoopProduct-link woocommerce-loop-product__link\"><\/a><a href=\"\/index.php?rest_route=%2Fwp%2Fv2%2Fpages%2F463&#038;add-to-cart=1816\" aria-describedby=\"woocommerce_loop_add_to_cart_link_describedby_1816\" data-quantity=\"1\" class=\"button product_type_simple add_to_cart_button ajax_add_to_cart\" data-product_id=\"1816\" data-product_sku=\"\" aria-label=\"Kos\u00e1rba: &ldquo;Cip\u00f3&rdquo;\" rel=\"nofollow\" data-success_message=\"&ldquo;Cip\u00f3&rdquo; has been added to your cart\" role=\"button\">Kos\u00e1rba teszem<\/a>\t<span id=\"woocommerce_loop_add_to_cart_link_describedby_1816\" class=\"screen-reader-text\">\n\t\t\t<\/span>\n<\/li>\n<li class=\"product type-product post-544 status-publish instock product_cat-glutenmentes product_cat-kenyerek product_cat-szojamentes product_cat-tartositoszer-mentes product_cat-vegan has-post-thumbnail taxable shipping-taxable purchasable product-type-simple\">\n\t<a href=\"https:\/\/serfozoglutenfree.hu\/?product=hagymas-baguette\" class=\"woocommerce-LoopProduct-link woocommerce-loop-product__link\"><\/a><a href=\"\/index.php?rest_route=%2Fwp%2Fv2%2Fpages%2F463&#038;add-to-cart=544\" aria-describedby=\"woocommerce_loop_add_to_cart_link_describedby_544\" data-quantity=\"1\" class=\"button product_type_simple add_to_cart_button ajax_add_to_cart\" data-product_id=\"544\" data-product_sku=\"\" aria-label=\"Kos\u00e1rba: &ldquo;Hagym\u00e1s Baguette&rdquo;\" rel=\"nofollow\" data-success_message=\"&ldquo;Hagym\u00e1s Baguette&rdquo; has been added to your cart\" role=\"button\">Kos\u00e1rba teszem<\/a>\t<span id=\"woocommerce_loop_add_to_cart_link_describedby_544\" class=\"screen-reader-text\">\n\t\t\t<\/span>\n<\/li>\n<li class=\"product type-product post-541 status-publish last instock product_cat-glutenmentes product_cat-kenyerek product_cat-szojamentes product_cat-tartositoszer-mentes product_cat-vegan has-post-thumbnail taxable shipping-taxable purchasable product-type-simple\">\n\t<a href=\"https:\/\/serfozoglutenfree.hu\/?product=baguette\" class=\"woocommerce-LoopProduct-link woocommerce-loop-product__link\"><\/a><a href=\"\/index.php?rest_route=%2Fwp%2Fv2%2Fpages%2F463&#038;add-to-cart=541\" aria-describedby=\"woocommerce_loop_add_to_cart_link_describedby_541\" data-quantity=\"1\" class=\"button product_type_simple add_to_cart_button ajax_add_to_cart\" data-product_id=\"541\" data-product_sku=\"\" aria-label=\"Kos\u00e1rba: &ldquo;Zs\u00f6mle&rdquo;\" rel=\"nofollow\" data-success_message=\"&ldquo;Zs\u00f6mle&rdquo; has been added to your cart\" role=\"button\">Kos\u00e1rba teszem<\/a>\t<span id=\"woocommerce_loop_add_to_cart_link_describedby_541\" class=\"screen-reader-text\">\n\t\t\t<\/span>\n<\/li>\n<\/ul>\n<\/div>\t\t<\/div>\n\t\t\t\t\t\t<\/div>\n\t\t\t\t<\/div>\n\t\t\t\t\t<\/div>\n\t\t<\/div>\n\t\t\t\t\t<\/div>\n\t\t<\/section>\n\t\t\t\t<\/div>\n\t\t","protected":false},"excerpt":{"rendered":"<p>Glut\u00e9nmentes kenyerek Kenyerek B\u00fcszk\u00e9k vagyunk r\u00e1, hogy 7 \u00e9ve t\u00f6k\u00e9letes\u00edtj\u00fck a glut\u00e9nmentes teljes ki\u00f6rl\u00e9s\u0171 baguett\u00fcnket receptj\u00e9t. Az indul\u00e1st\u00f3l sz\u00e1m\u00edtva 5 \u00e9v kellett ahhoz, hogy a saj\u00e1t \u00e9rt\u00e9krend\u00fcnk szerint t\u00f6k\u00e9letes kenyeret elk\u00e9sz\u00edts\u00fck, amire a v\u00e1s\u00e1rl\u00f3ink t\u00f6bbs\u00e9ge egy k\u00f3stol\u00e1s ut\u00e1n azt mondja, hogy ilyen finomat m\u00e9g nem evett. Titkos recept\u00far\u00e1nkhoz ellen\u0151rz\u00f6tten glut\u00e9nmentes, biodinamikus, teljes ki\u0151rl\u00e9s\u0171 rizslisztet, hajdin\u00e1t, [&hellip;]<\/p>\n","protected":false},"author":2,"featured_media":0,"parent":0,"menu_order":0,"comment_status":"closed","ping_status":"closed","template":"full-width.php","meta":{"_acf_changed":false,"_monsterinsights_skip_tracking":false,"_monsterinsights_sitenote_active":false,"_monsterinsights_sitenote_note":"","_monsterinsights_sitenote_category":0,"footnotes":""},"class_list":["post-463","page","type-page","status-publish","hentry"],"acf":[],"yoast_head":"<!-- This site is optimized with the Yoast SEO plugin v26.6 - https:\/\/yoast.com\/wordpress\/plugins\/seo\/ -->\n<title>Glut\u00e9nmentes kenyerek<\/title>\n<meta name=\"description\" content=\"B\u00fcszk\u00e9k vagyunk r\u00e1, hogy 7 \u00e9ve t\u00f6k\u00e9letes\u00edtj\u00fck a glut\u00e9nmentes teljes ki\u00f6rl\u00e9s\u0171 baguett\u00fcnket receptj\u00e9t.\" \/>\n<meta name=\"robots\" content=\"index, follow, max-snippet:-1, max-image-preview:large, max-video-preview:-1\" \/>\n<link rel=\"canonical\" href=\"https:\/\/serfozoglutenfree.hu\/?page_id=463\" \/>\n<meta property=\"og:locale\" content=\"hu_HU\" \/>\n<meta property=\"og:type\" content=\"article\" \/>\n<meta property=\"og:title\" content=\"Glut\u00e9nmentes kenyerek\" \/>\n<meta property=\"og:description\" content=\"B\u00fcszk\u00e9k vagyunk r\u00e1, hogy 7 \u00e9ve t\u00f6k\u00e9letes\u00edtj\u00fck a glut\u00e9nmentes teljes ki\u00f6rl\u00e9s\u0171 baguett\u00fcnket receptj\u00e9t.\" \/>\n<meta property=\"og:url\" content=\"https:\/\/serfozoglutenfree.hu\/?page_id=463\" \/>\n<meta property=\"og:site_name\" content=\"Serf\u0151z\u0151 Gluten Free Bakery\" \/>\n<meta property=\"article:modified_time\" content=\"2025-02-10T11:27:09+00:00\" \/>\n<meta property=\"og:image\" content=\"https:\/\/serfozoglutenfree.hu\/wp-content\/uploads\/2020\/12\/Kenyer-foto-cimolfalra-pl-scaled.jpg\" \/>\n\t<meta property=\"og:image:width\" content=\"2560\" \/>\n\t<meta property=\"og:image:height\" content=\"1707\" \/>\n\t<meta property=\"og:image:type\" content=\"image\/jpeg\" \/>\n<meta name=\"twitter:card\" content=\"summary_large_image\" \/>\n<meta name=\"twitter:label1\" content=\"Becs\u00fclt olvas\u00e1si id\u0151\" \/>\n\t<meta name=\"twitter:data1\" content=\"2 perc\" \/>\n<script type=\"application\/ld+json\" class=\"yoast-schema-graph\">{\"@context\":\"https:\/\/schema.org\",\"@graph\":[{\"@type\":\"WebPage\",\"@id\":\"https:\/\/serfozoglutenfree.hu\/?page_id=463\",\"url\":\"https:\/\/serfozoglutenfree.hu\/?page_id=463\",\"name\":\"Glut\u00e9nmentes kenyerek\",\"isPartOf\":{\"@id\":\"https:\/\/serfozoglutenfree.hu\/#website\"},\"primaryImageOfPage\":{\"@id\":\"https:\/\/serfozoglutenfree.hu\/?page_id=463#primaryimage\"},\"image\":{\"@id\":\"https:\/\/serfozoglutenfree.hu\/?page_id=463#primaryimage\"},\"thumbnailUrl\":\"https:\/\/serfozoglutenfree.hu\/wp-content\/uploads\/2020\/12\/Kenyer-foto-cimolfalra-pl-scaled.jpg\",\"datePublished\":\"2020-12-08T21:22:34+00:00\",\"dateModified\":\"2025-02-10T11:27:09+00:00\",\"description\":\"B\u00fcszk\u00e9k vagyunk r\u00e1, hogy 7 \u00e9ve t\u00f6k\u00e9letes\u00edtj\u00fck a glut\u00e9nmentes teljes ki\u00f6rl\u00e9s\u0171 baguett\u00fcnket receptj\u00e9t.\",\"breadcrumb\":{\"@id\":\"https:\/\/serfozoglutenfree.hu\/?page_id=463#breadcrumb\"},\"inLanguage\":\"hu\",\"potentialAction\":[{\"@type\":\"ReadAction\",\"target\":[\"https:\/\/serfozoglutenfree.hu\/?page_id=463\"]}]},{\"@type\":\"ImageObject\",\"inLanguage\":\"hu\",\"@id\":\"https:\/\/serfozoglutenfree.hu\/?page_id=463#primaryimage\",\"url\":\"https:\/\/serfozoglutenfree.hu\/wp-content\/uploads\/2020\/12\/Kenyer-foto-cimolfalra-pl-scaled.jpg\",\"contentUrl\":\"https:\/\/serfozoglutenfree.hu\/wp-content\/uploads\/2020\/12\/Kenyer-foto-cimolfalra-pl-scaled.jpg\",\"width\":2560,\"height\":1707},{\"@type\":\"BreadcrumbList\",\"@id\":\"https:\/\/serfozoglutenfree.hu\/?page_id=463#breadcrumb\",\"itemListElement\":[{\"@type\":\"ListItem\",\"position\":1,\"name\":\"Home\",\"item\":\"https:\/\/serfozoglutenfree.hu\/\"},{\"@type\":\"ListItem\",\"position\":2,\"name\":\"Kenyerek\"}]},{\"@type\":\"WebSite\",\"@id\":\"https:\/\/serfozoglutenfree.hu\/#website\",\"url\":\"https:\/\/serfozoglutenfree.hu\/\",\"name\":\"Serf\u0151z\u0151 Gluten Free Bakery\",\"description\":\"Pr\u00e9mium min\u0151s\u00e9g\u0171 glut\u00e9nmentes, bio teljes ki\u0151rl\u00e9s\u0171 lisztekb\u0151l k\u00e9sz\u00fclt kenyerek cs\u00f6kkentett sz\u00e9nhidr\u00e1t-, magas rosttartalommal.\",\"potentialAction\":[{\"@type\":\"SearchAction\",\"target\":{\"@type\":\"EntryPoint\",\"urlTemplate\":\"https:\/\/serfozoglutenfree.hu\/?s={search_term_string}\"},\"query-input\":{\"@type\":\"PropertyValueSpecification\",\"valueRequired\":true,\"valueName\":\"search_term_string\"}}],\"inLanguage\":\"hu\"}]}<\/script>\n<!-- \/ Yoast SEO plugin. -->","yoast_head_json":{"title":"Glut\u00e9nmentes kenyerek","description":"B\u00fcszk\u00e9k vagyunk r\u00e1, hogy 7 \u00e9ve t\u00f6k\u00e9letes\u00edtj\u00fck a glut\u00e9nmentes teljes ki\u00f6rl\u00e9s\u0171 baguett\u00fcnket receptj\u00e9t.","robots":{"index":"index","follow":"follow","max-snippet":"max-snippet:-1","max-image-preview":"max-image-preview:large","max-video-preview":"max-video-preview:-1"},"canonical":"https:\/\/serfozoglutenfree.hu\/?page_id=463","og_locale":"hu_HU","og_type":"article","og_title":"Glut\u00e9nmentes kenyerek","og_description":"B\u00fcszk\u00e9k vagyunk r\u00e1, hogy 7 \u00e9ve t\u00f6k\u00e9letes\u00edtj\u00fck a glut\u00e9nmentes teljes ki\u00f6rl\u00e9s\u0171 baguett\u00fcnket receptj\u00e9t.","og_url":"https:\/\/serfozoglutenfree.hu\/?page_id=463","og_site_name":"Serf\u0151z\u0151 Gluten Free Bakery","article_modified_time":"2025-02-10T11:27:09+00:00","og_image":[{"width":2560,"height":1707,"url":"https:\/\/serfozoglutenfree.hu\/wp-content\/uploads\/2020\/12\/Kenyer-foto-cimolfalra-pl-scaled.jpg","type":"image\/jpeg"}],"twitter_card":"summary_large_image","twitter_misc":{"Becs\u00fclt olvas\u00e1si id\u0151":"2 perc"},"schema":{"@context":"https:\/\/schema.org","@graph":[{"@type":"WebPage","@id":"https:\/\/serfozoglutenfree.hu\/?page_id=463","url":"https:\/\/serfozoglutenfree.hu\/?page_id=463","name":"Glut\u00e9nmentes kenyerek","isPartOf":{"@id":"https:\/\/serfozoglutenfree.hu\/#website"},"primaryImageOfPage":{"@id":"https:\/\/serfozoglutenfree.hu\/?page_id=463#primaryimage"},"image":{"@id":"https:\/\/serfozoglutenfree.hu\/?page_id=463#primaryimage"},"thumbnailUrl":"https:\/\/serfozoglutenfree.hu\/wp-content\/uploads\/2020\/12\/Kenyer-foto-cimolfalra-pl-scaled.jpg","datePublished":"2020-12-08T21:22:34+00:00","dateModified":"2025-02-10T11:27:09+00:00","description":"B\u00fcszk\u00e9k vagyunk r\u00e1, hogy 7 \u00e9ve t\u00f6k\u00e9letes\u00edtj\u00fck a glut\u00e9nmentes teljes ki\u00f6rl\u00e9s\u0171 baguett\u00fcnket receptj\u00e9t.","breadcrumb":{"@id":"https:\/\/serfozoglutenfree.hu\/?page_id=463#breadcrumb"},"inLanguage":"hu","potentialAction":[{"@type":"ReadAction","target":["https:\/\/serfozoglutenfree.hu\/?page_id=463"]}]},{"@type":"ImageObject","inLanguage":"hu","@id":"https:\/\/serfozoglutenfree.hu\/?page_id=463#primaryimage","url":"https:\/\/serfozoglutenfree.hu\/wp-content\/uploads\/2020\/12\/Kenyer-foto-cimolfalra-pl-scaled.jpg","contentUrl":"https:\/\/serfozoglutenfree.hu\/wp-content\/uploads\/2020\/12\/Kenyer-foto-cimolfalra-pl-scaled.jpg","width":2560,"height":1707},{"@type":"BreadcrumbList","@id":"https:\/\/serfozoglutenfree.hu\/?page_id=463#breadcrumb","itemListElement":[{"@type":"ListItem","position":1,"name":"Home","item":"https:\/\/serfozoglutenfree.hu\/"},{"@type":"ListItem","position":2,"name":"Kenyerek"}]},{"@type":"WebSite","@id":"https:\/\/serfozoglutenfree.hu\/#website","url":"https:\/\/serfozoglutenfree.hu\/","name":"Serf\u0151z\u0151 Gluten Free Bakery","description":"Pr\u00e9mium min\u0151s\u00e9g\u0171 glut\u00e9nmentes, bio teljes ki\u0151rl\u00e9s\u0171 lisztekb\u0151l k\u00e9sz\u00fclt kenyerek cs\u00f6kkentett sz\u00e9nhidr\u00e1t-, magas rosttartalommal.","potentialAction":[{"@type":"SearchAction","target":{"@type":"EntryPoint","urlTemplate":"https:\/\/serfozoglutenfree.hu\/?s={search_term_string}"},"query-input":{"@type":"PropertyValueSpecification","valueRequired":true,"valueName":"search_term_string"}}],"inLanguage":"hu"}]}},"_links":{"self":[{"href":"https:\/\/serfozoglutenfree.hu\/index.php?rest_route=\/wp\/v2\/pages\/463","targetHints":{"allow":["GET"]}}],"collection":[{"href":"https:\/\/serfozoglutenfree.hu\/index.php?rest_route=\/wp\/v2\/pages"}],"about":[{"href":"https:\/\/serfozoglutenfree.hu\/index.php?rest_route=\/wp\/v2\/types\/page"}],"author":[{"embeddable":true,"href":"https:\/\/serfozoglutenfree.hu\/index.php?rest_route=\/wp\/v2\/users\/2"}],"replies":[{"embeddable":true,"href":"https:\/\/serfozoglutenfree.hu\/index.php?rest_route=%2Fwp%2Fv2%2Fcomments&post=463"}],"version-history":[{"count":31,"href":"https:\/\/serfozoglutenfree.hu\/index.php?rest_route=\/wp\/v2\/pages\/463\/revisions"}],"predecessor-version":[{"id":2847,"href":"https:\/\/serfozoglutenfree.hu\/index.php?rest_route=\/wp\/v2\/pages\/463\/revisions\/2847"}],"wp:attachment":[{"href":"https:\/\/serfozoglutenfree.hu\/index.php?rest_route=%2Fwp%2Fv2%2Fmedia&parent=463"}],"curies":[{"name":"wp","href":"https:\/\/api.w.org\/{rel}","templated":true}]}}