{"id":218,"date":"2020-11-25T17:55:01","date_gmt":"2020-11-25T17:55:01","guid":{"rendered":"https:\/\/serfozoglutenfree.hu\/?page_id=218"},"modified":"2020-12-14T07:05:42","modified_gmt":"2020-12-14T07:05:42","slug":"buszkesegeink","status":"publish","type":"page","link":"https:\/\/serfozoglutenfree.hu\/?page_id=218","title":{"rendered":"B\u00fcszkes\u00e9geink"},"content":{"rendered":"\t\t<div data-elementor-type=\"wp-page\" data-elementor-id=\"218\" class=\"elementor elementor-218\">\n\t\t\t\t\t\t<section class=\"elementor-section elementor-top-section elementor-element elementor-element-1e1c58a elementor-section-full_width elementor-section-stretched elementor-section-height-default elementor-section-height-default\" data-id=\"1e1c58a\" data-element_type=\"section\" data-settings=\"{&quot;stretch_section&quot;:&quot;section-stretched&quot;}\">\n\t\t\t\t\t\t<div class=\"elementor-container elementor-column-gap-no\">\n\t\t\t\t\t<div class=\"elementor-column elementor-col-50 elementor-top-column elementor-element elementor-element-244adc7\" data-id=\"244adc7\" data-element_type=\"column\">\n\t\t\t<div class=\"elementor-widget-wrap elementor-element-populated\">\n\t\t\t\t\t\t<div class=\"elementor-element elementor-element-ce9c480 elementor-widget elementor-widget-heading\" data-id=\"ce9c480\" data-element_type=\"widget\" data-widget_type=\"heading.default\">\n\t\t\t\t<div class=\"elementor-widget-container\">\n\t\t\t\t\t<h1 class=\"elementor-heading-title elementor-size-default\">B\u00fcszkes\u00e9geink<\/h1>\t\t\t\t<\/div>\n\t\t\t\t<\/div>\n\t\t\t\t\t<\/div>\n\t\t<\/div>\n\t\t\t\t<div class=\"elementor-column elementor-col-50 elementor-top-column elementor-element elementor-element-ef8bd19\" data-id=\"ef8bd19\" data-element_type=\"column\">\n\t\t\t<div class=\"elementor-widget-wrap elementor-element-populated\">\n\t\t\t\t\t\t<div class=\"elementor-element elementor-element-8be6ad5 elementor-widget__width-inherit elementor-widget elementor-widget-image\" data-id=\"8be6ad5\" data-element_type=\"widget\" data-widget_type=\"image.default\">\n\t\t\t\t<div class=\"elementor-widget-container\">\n\t\t\t\t\t\t\t\t\t\t\t\t\t\t\t<img fetchpriority=\"high\" decoding=\"async\" width=\"500\" height=\"500\" src=\"https:\/\/serfozoglutenfree.hu\/wp-content\/uploads\/2020\/12\/BuszkesegeinkCover-500x500.jpg\" class=\"attachment-Image Size 500x500 size-Image Size 500x500 wp-image-865\" alt=\"\" srcset=\"https:\/\/serfozoglutenfree.hu\/wp-content\/uploads\/2020\/12\/BuszkesegeinkCover-500x500.jpg 500w, https:\/\/serfozoglutenfree.hu\/wp-content\/uploads\/2020\/12\/BuszkesegeinkCover-150x150.jpg 150w, https:\/\/serfozoglutenfree.hu\/wp-content\/uploads\/2020\/12\/BuszkesegeinkCover-100x100.jpg 100w\" sizes=\"(max-width: 500px) 100vw, 500px\" \/>\t\t\t\t\t\t\t\t\t\t\t\t\t\t\t<\/div>\n\t\t\t\t<\/div>\n\t\t\t\t\t<\/div>\n\t\t<\/div>\n\t\t\t\t\t<\/div>\n\t\t<\/section>\n\t\t\t\t<section class=\"elementor-section elementor-top-section elementor-element elementor-element-98fc90a elementor-section-boxed elementor-section-height-default elementor-section-height-default\" data-id=\"98fc90a\" data-element_type=\"section\">\n\t\t\t\t\t\t<div class=\"elementor-container elementor-column-gap-default\">\n\t\t\t\t\t<div class=\"elementor-column elementor-col-100 elementor-top-column elementor-element elementor-element-bac1286\" data-id=\"bac1286\" data-element_type=\"column\">\n\t\t\t<div class=\"elementor-widget-wrap elementor-element-populated\">\n\t\t\t\t\t\t<div class=\"elementor-element elementor-element-dbf3d0f elementor-widget elementor-widget-spacer\" data-id=\"dbf3d0f\" data-element_type=\"widget\" data-widget_type=\"spacer.default\">\n\t\t\t\t<div class=\"elementor-widget-container\">\n\t\t\t\t\t\t\t<div class=\"elementor-spacer\">\n\t\t\t<div class=\"elementor-spacer-inner\"><\/div>\n\t\t<\/div>\n\t\t\t\t\t\t<\/div>\n\t\t\t\t<\/div>\n\t\t\t\t<div class=\"elementor-element elementor-element-dd31e76 elementor-widget elementor-widget-spacer\" data-id=\"dd31e76\" data-element_type=\"widget\" data-widget_type=\"spacer.default\">\n\t\t\t\t<div class=\"elementor-widget-container\">\n\t\t\t\t\t\t\t<div class=\"elementor-spacer\">\n\t\t\t<div class=\"elementor-spacer-inner\"><\/div>\n\t\t<\/div>\n\t\t\t\t\t\t<\/div>\n\t\t\t\t<\/div>\n\t\t\t\t<div class=\"elementor-element elementor-element-24cb41a elementor-align-center elementor-widget elementor-widget-raven-heading\" data-id=\"24cb41a\" data-element_type=\"widget\" data-widget_type=\"raven-heading.default\">\n\t\t\t\t<div class=\"elementor-widget-container\">\n\t\t\t\t\t\t\t<div class=\"raven-widget-wrapper\"><h2 class=\"raven-heading raven-heading-h2 raven-heading-norman-single\"><span class=\"raven-heading-title \">R\u00f3lunk \u00edrt\u00e1k<\/span><\/h2><\/div>\n\t\t\t\t\t\t<\/div>\n\t\t\t\t<\/div>\n\t\t\t\t<div class=\"elementor-element elementor-element-4630ea5 elementor-widget elementor-widget-spacer\" data-id=\"4630ea5\" data-element_type=\"widget\" data-widget_type=\"spacer.default\">\n\t\t\t\t<div class=\"elementor-widget-container\">\n\t\t\t\t\t\t\t<div class=\"elementor-spacer\">\n\t\t\t<div class=\"elementor-spacer-inner\"><\/div>\n\t\t<\/div>\n\t\t\t\t\t\t<\/div>\n\t\t\t\t<\/div>\n\t\t\t\t<div class=\"elementor-element elementor-element-9aa3d66 elementor-position-left elementor-vertical-align-top elementor-widget elementor-widget-image-box\" data-id=\"9aa3d66\" data-element_type=\"widget\" data-widget_type=\"image-box.default\">\n\t\t\t\t<div class=\"elementor-widget-container\">\n\t\t\t\t\t<div class=\"elementor-image-box-wrapper\"><figure class=\"elementor-image-box-img\"><a href=\"https:\/\/noivalto.hu\/a-nagy-karriervaltas\/gutenmentes-pek-serfozo-marta-vallalkozo\/\" tabindex=\"-1\"><img decoding=\"async\" width=\"1194\" height=\"780\" src=\"https:\/\/serfozoglutenfree.hu\/wp-content\/uploads\/2020\/11\/marti.jpg\" class=\"attachment-full size-full wp-image-226\" alt=\"\" srcset=\"https:\/\/serfozoglutenfree.hu\/wp-content\/uploads\/2020\/11\/marti.jpg 1194w, https:\/\/serfozoglutenfree.hu\/wp-content\/uploads\/2020\/11\/marti-300x196.jpg 300w, https:\/\/serfozoglutenfree.hu\/wp-content\/uploads\/2020\/11\/marti-1024x669.jpg 1024w, https:\/\/serfozoglutenfree.hu\/wp-content\/uploads\/2020\/11\/marti-768x502.jpg 768w, https:\/\/serfozoglutenfree.hu\/wp-content\/uploads\/2020\/11\/marti-600x392.jpg 600w\" sizes=\"(max-width: 1194px) 100vw, 1194px\" \/><\/a><\/figure><div class=\"elementor-image-box-content\"><h3 class=\"elementor-image-box-title\"><a href=\"https:\/\/noivalto.hu\/a-nagy-karriervaltas\/gutenmentes-pek-serfozo-marta-vallalkozo\/\">N\u0151iv\u00e1lt\u00f3 - Az \u0151szintes\u00e9g a legjobb \u00fat egy v\u00e1llalkoz\u00e1sban<\/a><\/h3><p class=\"elementor-image-box-description\">Glut\u00e9n\u00e9rz\u00e9kenys\u00e9ge miatt keresett keny\u00e9r receptet, majd addig kis\u00e9rletezett, am\u00edg az orsz\u00e1g egyik legjobb glut\u00e9nmentes kenyer\u00e9nek receptj\u00e9t tal\u00e1lta fel. Serf\u0151z\u0151 M\u00e1rta bank\u00e1ri karrrierj\u00e9t adta fel, hogy megalap\u00edtsa a Serf\u0151z\u0151 Gluten Free Bakery-t. A neh\u00e9zs\u00e9gek ellen\u00e9re kitartott, s ma a Gresham Palot\u00e1ban l\u00e9v\u0151 \u00e9tterem is az \u0151 term\u00e9keit k\u00edn\u00e1lja a glut\u00e9nmentes reggelire v\u00e1gy\u00f3 vend\u00e9geinek...<\/p><\/div><\/div>\t\t\t\t<\/div>\n\t\t\t\t<\/div>\n\t\t\t\t\t<\/div>\n\t\t<\/div>\n\t\t\t\t\t<\/div>\n\t\t<\/section>\n\t\t\t\t<section class=\"elementor-section elementor-top-section elementor-element elementor-element-3576c3e elementor-section-boxed elementor-section-height-default elementor-section-height-default\" data-id=\"3576c3e\" data-element_type=\"section\">\n\t\t\t\t\t\t<div class=\"elementor-container elementor-column-gap-default\">\n\t\t\t\t\t<div class=\"elementor-column elementor-col-100 elementor-top-column elementor-element elementor-element-3f06e63\" data-id=\"3f06e63\" data-element_type=\"column\">\n\t\t\t<div class=\"elementor-widget-wrap elementor-element-populated\">\n\t\t\t\t\t\t<div class=\"elementor-element elementor-element-0e0b458 elementor-widget elementor-widget-spacer\" data-id=\"0e0b458\" data-element_type=\"widget\" data-widget_type=\"spacer.default\">\n\t\t\t\t<div class=\"elementor-widget-container\">\n\t\t\t\t\t\t\t<div class=\"elementor-spacer\">\n\t\t\t<div class=\"elementor-spacer-inner\"><\/div>\n\t\t<\/div>\n\t\t\t\t\t\t<\/div>\n\t\t\t\t<\/div>\n\t\t\t\t<div class=\"elementor-element elementor-element-76568cb elementor-position-left elementor-vertical-align-top elementor-widget elementor-widget-image-box\" data-id=\"76568cb\" data-element_type=\"widget\" data-widget_type=\"image-box.default\">\n\t\t\t\t<div class=\"elementor-widget-container\">\n\t\t\t\t\t<div class=\"elementor-image-box-wrapper\"><figure class=\"elementor-image-box-img\"><a href=\"https:\/\/foodyny.hu\/3652-interju-serfozo-marta-glutenmentes-pekseg-pek\" tabindex=\"-1\"><img decoding=\"async\" width=\"800\" height=\"450\" src=\"https:\/\/serfozoglutenfree.hu\/wp-content\/uploads\/2020\/11\/serfozo4.jpg\" class=\"attachment-full size-full wp-image-340\" alt=\"\" srcset=\"https:\/\/serfozoglutenfree.hu\/wp-content\/uploads\/2020\/11\/serfozo4.jpg 800w, https:\/\/serfozoglutenfree.hu\/wp-content\/uploads\/2020\/11\/serfozo4-300x169.jpg 300w, https:\/\/serfozoglutenfree.hu\/wp-content\/uploads\/2020\/11\/serfozo4-768x432.jpg 768w, https:\/\/serfozoglutenfree.hu\/wp-content\/uploads\/2020\/11\/serfozo4-600x338.jpg 600w\" sizes=\"(max-width: 800px) 100vw, 800px\" \/><\/a><\/figure><div class=\"elementor-image-box-content\"><h3 class=\"elementor-image-box-title\"><a href=\"https:\/\/foodyny.hu\/3652-interju-serfozo-marta-glutenmentes-pekseg-pek\">Foodyny - A bank\u00e1rb\u00f3l lett p\u00e9k nem \u00e9ri be a k\u00f6z\u00e9pszer\u0171vel<\/a><\/h3><p class=\"elementor-image-box-description\">\nSerf\u0151z\u0151 M\u00e1rta 2013-ban ind\u00edtotta el saj\u00e1t v\u00e1llalkoz\u00e1s\u00e1t. A Serf\u0151z\u0151 Glutenfree Bakeryben glut\u00e9nmentes p\u00e9k\u00e1rukat \u00e9s s\u00fctem\u00e9nyeket k\u00e9sz\u00edt, melyek \u2013 szemben a t\u00f6meggy\u00e1rtott term\u00e9kekkel \u2013 igazi \u00edz\u00e9lm\u00e9nyt \u00e9s magas t\u00e1panyagtartalmat ny\u00fajtanak az \u00e9telallergi\u00e1s fogyaszt\u00f3k sz\u00e1m\u00e1ra. A p\u00e9ks\u00e9g vezet\u0151j\u00e9vel a glut\u00e9n\u00e9rz\u00e9kenys\u00e9g\u00e9r\u0151l, a piacon kaphat\u00f3 m\u00e9regdr\u00e1ga alapanyagokr\u00f3l \u00e9s a term\u00e9kfejleszt\u00e9s hosszan tart\u00f3 folyamat\u00e1r\u00f3l besz\u00e9lgett\u00fcnk....<\/p><\/div><\/div>\t\t\t\t<\/div>\n\t\t\t\t<\/div>\n\t\t\t\t\t<\/div>\n\t\t<\/div>\n\t\t\t\t\t<\/div>\n\t\t<\/section>\n\t\t\t\t<section class=\"elementor-section elementor-top-section elementor-element elementor-element-1dd83bd elementor-section-boxed elementor-section-height-default elementor-section-height-default\" data-id=\"1dd83bd\" data-element_type=\"section\">\n\t\t\t\t\t\t<div class=\"elementor-container elementor-column-gap-default\">\n\t\t\t\t\t<div class=\"elementor-column elementor-col-100 elementor-top-column elementor-element elementor-element-e38f873\" data-id=\"e38f873\" data-element_type=\"column\">\n\t\t\t<div class=\"elementor-widget-wrap elementor-element-populated\">\n\t\t\t\t\t\t<div class=\"elementor-element elementor-element-f013a4f elementor-widget elementor-widget-spacer\" data-id=\"f013a4f\" data-element_type=\"widget\" data-widget_type=\"spacer.default\">\n\t\t\t\t<div class=\"elementor-widget-container\">\n\t\t\t\t\t\t\t<div class=\"elementor-spacer\">\n\t\t\t<div class=\"elementor-spacer-inner\"><\/div>\n\t\t<\/div>\n\t\t\t\t\t\t<\/div>\n\t\t\t\t<\/div>\n\t\t\t\t<div class=\"elementor-element elementor-element-16cfc98 elementor-widget elementor-widget-spacer\" data-id=\"16cfc98\" data-element_type=\"widget\" data-widget_type=\"spacer.default\">\n\t\t\t\t<div class=\"elementor-widget-container\">\n\t\t\t\t\t\t\t<div class=\"elementor-spacer\">\n\t\t\t<div class=\"elementor-spacer-inner\"><\/div>\n\t\t<\/div>\n\t\t\t\t\t\t<\/div>\n\t\t\t\t<\/div>\n\t\t\t\t<div class=\"elementor-element elementor-element-cc3c789 elementor-widget elementor-widget-video\" data-id=\"cc3c789\" data-element_type=\"widget\" data-settings=\"{&quot;youtube_url&quot;:&quot;https:\\\/\\\/www.youtube.com\\\/watch?v=rbwBGOAZiok&quot;,&quot;video_type&quot;:&quot;youtube&quot;,&quot;controls&quot;:&quot;yes&quot;}\" data-widget_type=\"video.default\">\n\t\t\t\t<div class=\"elementor-widget-container\">\n\t\t\t\t\t\t\t<div class=\"elementor-wrapper elementor-open-inline\">\n\t\t\t<div class=\"elementor-video\"><\/div>\t\t<\/div>\n\t\t\t\t\t\t<\/div>\n\t\t\t\t<\/div>\n\t\t\t\t\t<\/div>\n\t\t<\/div>\n\t\t\t\t\t<\/div>\n\t\t<\/section>\n\t\t\t\t<section class=\"elementor-section elementor-top-section elementor-element elementor-element-a5915cd elementor-section-boxed elementor-section-height-default elementor-section-height-default\" data-id=\"a5915cd\" data-element_type=\"section\">\n\t\t\t\t\t\t<div class=\"elementor-container elementor-column-gap-default\">\n\t\t\t\t\t<div class=\"elementor-column elementor-col-100 elementor-top-column elementor-element elementor-element-cda3c7b\" data-id=\"cda3c7b\" data-element_type=\"column\">\n\t\t\t<div class=\"elementor-widget-wrap elementor-element-populated\">\n\t\t\t\t\t\t<div class=\"elementor-element elementor-element-930cc5d elementor-widget elementor-widget-spacer\" data-id=\"930cc5d\" data-element_type=\"widget\" data-widget_type=\"spacer.default\">\n\t\t\t\t<div class=\"elementor-widget-container\">\n\t\t\t\t\t\t\t<div class=\"elementor-spacer\">\n\t\t\t<div class=\"elementor-spacer-inner\"><\/div>\n\t\t<\/div>\n\t\t\t\t\t\t<\/div>\n\t\t\t\t<\/div>\n\t\t\t\t\t<\/div>\n\t\t<\/div>\n\t\t\t\t\t<\/div>\n\t\t<\/section>\n\t\t\t\t<\/div>\n\t\t","protected":false},"excerpt":{"rendered":"<p>B\u00fcszkes\u00e9geink R\u00f3lunk \u00edrt\u00e1k N\u0151iv\u00e1lt\u00f3 &#8211; Az \u0151szintes\u00e9g a legjobb \u00fat egy v\u00e1llalkoz\u00e1sban Glut\u00e9n\u00e9rz\u00e9kenys\u00e9ge miatt keresett keny\u00e9r receptet, majd addig kis\u00e9rletezett, am\u00edg az orsz\u00e1g egyik legjobb glut\u00e9nmentes kenyer\u00e9nek receptj\u00e9t tal\u00e1lta fel. Serf\u0151z\u0151 M\u00e1rta bank\u00e1ri karrrierj\u00e9t adta fel, hogy megalap\u00edtsa a Serf\u0151z\u0151 Gluten Free Bakery-t. A neh\u00e9zs\u00e9gek ellen\u00e9re kitartott, s ma a Gresham Palot\u00e1ban l\u00e9v\u0151 \u00e9tterem is [&hellip;]<\/p>\n","protected":false},"author":2,"featured_media":0,"parent":0,"menu_order":0,"comment_status":"closed","ping_status":"closed","template":"","meta":{"_acf_changed":false,"_monsterinsights_skip_tracking":false,"_monsterinsights_sitenote_active":false,"_monsterinsights_sitenote_note":"","_monsterinsights_sitenote_category":0,"footnotes":""},"class_list":["post-218","page","type-page","status-publish","hentry"],"acf":[],"yoast_head":"<!-- This site is optimized with the Yoast SEO plugin v26.6 - https:\/\/yoast.com\/wordpress\/plugins\/seo\/ -->\n<title>B\u00fcszkes\u00e9geink - Serf\u0151z\u0151 Gluten Free Bakery<\/title>\n<meta name=\"robots\" content=\"index, follow, max-snippet:-1, max-image-preview:large, max-video-preview:-1\" \/>\n<link rel=\"canonical\" href=\"https:\/\/serfozoglutenfree.hu\/?page_id=218\" \/>\n<meta property=\"og:locale\" content=\"hu_HU\" \/>\n<meta property=\"og:type\" content=\"article\" \/>\n<meta property=\"og:title\" content=\"B\u00fcszkes\u00e9geink - Serf\u0151z\u0151 Gluten Free Bakery\" \/>\n<meta property=\"og:description\" content=\"B\u00fcszkes\u00e9geink R\u00f3lunk \u00edrt\u00e1k N\u0151iv\u00e1lt\u00f3 &#8211; Az \u0151szintes\u00e9g a legjobb \u00fat egy v\u00e1llalkoz\u00e1sban Glut\u00e9n\u00e9rz\u00e9kenys\u00e9ge miatt keresett keny\u00e9r receptet, majd addig kis\u00e9rletezett, am\u00edg az orsz\u00e1g egyik legjobb glut\u00e9nmentes kenyer\u00e9nek receptj\u00e9t tal\u00e1lta fel. Serf\u0151z\u0151 M\u00e1rta bank\u00e1ri karrrierj\u00e9t adta fel, hogy megalap\u00edtsa a Serf\u0151z\u0151 Gluten Free Bakery-t. A neh\u00e9zs\u00e9gek ellen\u00e9re kitartott, s ma a Gresham Palot\u00e1ban l\u00e9v\u0151 \u00e9tterem is [&hellip;]\" \/>\n<meta property=\"og:url\" content=\"https:\/\/serfozoglutenfree.hu\/?page_id=218\" \/>\n<meta property=\"og:site_name\" content=\"Serf\u0151z\u0151 Gluten Free Bakery\" \/>\n<meta property=\"article:modified_time\" content=\"2020-12-14T07:05:42+00:00\" \/>\n<meta property=\"og:image\" content=\"http:\/\/serfozoglutenfree.hu\/wp-content\/uploads\/2020\/12\/BuszkesegeinkCover-500x500.jpg\" \/>\n<meta name=\"twitter:card\" content=\"summary_large_image\" \/>\n<meta name=\"twitter:label1\" content=\"Becs\u00fclt olvas\u00e1si id\u0151\" \/>\n\t<meta name=\"twitter:data1\" content=\"1 perc\" \/>\n<script type=\"application\/ld+json\" class=\"yoast-schema-graph\">{\"@context\":\"https:\/\/schema.org\",\"@graph\":[{\"@type\":\"WebPage\",\"@id\":\"https:\/\/serfozoglutenfree.hu\/?page_id=218\",\"url\":\"https:\/\/serfozoglutenfree.hu\/?page_id=218\",\"name\":\"B\u00fcszkes\u00e9geink - Serf\u0151z\u0151 Gluten Free Bakery\",\"isPartOf\":{\"@id\":\"https:\/\/serfozoglutenfree.hu\/#website\"},\"primaryImageOfPage\":{\"@id\":\"https:\/\/serfozoglutenfree.hu\/?page_id=218#primaryimage\"},\"image\":{\"@id\":\"https:\/\/serfozoglutenfree.hu\/?page_id=218#primaryimage\"},\"thumbnailUrl\":\"http:\/\/serfozoglutenfree.hu\/wp-content\/uploads\/2020\/12\/BuszkesegeinkCover-500x500.jpg\",\"datePublished\":\"2020-11-25T17:55:01+00:00\",\"dateModified\":\"2020-12-14T07:05:42+00:00\",\"breadcrumb\":{\"@id\":\"https:\/\/serfozoglutenfree.hu\/?page_id=218#breadcrumb\"},\"inLanguage\":\"hu\",\"potentialAction\":[{\"@type\":\"ReadAction\",\"target\":[\"https:\/\/serfozoglutenfree.hu\/?page_id=218\"]}]},{\"@type\":\"ImageObject\",\"inLanguage\":\"hu\",\"@id\":\"https:\/\/serfozoglutenfree.hu\/?page_id=218#primaryimage\",\"url\":\"https:\/\/serfozoglutenfree.hu\/wp-content\/uploads\/2020\/12\/BuszkesegeinkCover-scaled.jpg\",\"contentUrl\":\"https:\/\/serfozoglutenfree.hu\/wp-content\/uploads\/2020\/12\/BuszkesegeinkCover-scaled.jpg\",\"width\":2560,\"height\":1709},{\"@type\":\"BreadcrumbList\",\"@id\":\"https:\/\/serfozoglutenfree.hu\/?page_id=218#breadcrumb\",\"itemListElement\":[{\"@type\":\"ListItem\",\"position\":1,\"name\":\"Home\",\"item\":\"https:\/\/serfozoglutenfree.hu\/\"},{\"@type\":\"ListItem\",\"position\":2,\"name\":\"B\u00fcszkes\u00e9geink\"}]},{\"@type\":\"WebSite\",\"@id\":\"https:\/\/serfozoglutenfree.hu\/#website\",\"url\":\"https:\/\/serfozoglutenfree.hu\/\",\"name\":\"Serf\u0151z\u0151 Gluten Free Bakery\",\"description\":\"Pr\u00e9mium min\u0151s\u00e9g\u0171 glut\u00e9nmentes, bio teljes ki\u0151rl\u00e9s\u0171 lisztekb\u0151l k\u00e9sz\u00fclt kenyerek cs\u00f6kkentett sz\u00e9nhidr\u00e1t-, magas rosttartalommal.\",\"potentialAction\":[{\"@type\":\"SearchAction\",\"target\":{\"@type\":\"EntryPoint\",\"urlTemplate\":\"https:\/\/serfozoglutenfree.hu\/?s={search_term_string}\"},\"query-input\":{\"@type\":\"PropertyValueSpecification\",\"valueRequired\":true,\"valueName\":\"search_term_string\"}}],\"inLanguage\":\"hu\"}]}<\/script>\n<!-- \/ Yoast SEO plugin. -->","yoast_head_json":{"title":"B\u00fcszkes\u00e9geink - Serf\u0151z\u0151 Gluten Free Bakery","robots":{"index":"index","follow":"follow","max-snippet":"max-snippet:-1","max-image-preview":"max-image-preview:large","max-video-preview":"max-video-preview:-1"},"canonical":"https:\/\/serfozoglutenfree.hu\/?page_id=218","og_locale":"hu_HU","og_type":"article","og_title":"B\u00fcszkes\u00e9geink - Serf\u0151z\u0151 Gluten Free Bakery","og_description":"B\u00fcszkes\u00e9geink R\u00f3lunk \u00edrt\u00e1k N\u0151iv\u00e1lt\u00f3 &#8211; Az \u0151szintes\u00e9g a legjobb \u00fat egy v\u00e1llalkoz\u00e1sban Glut\u00e9n\u00e9rz\u00e9kenys\u00e9ge miatt keresett keny\u00e9r receptet, majd addig kis\u00e9rletezett, am\u00edg az orsz\u00e1g egyik legjobb glut\u00e9nmentes kenyer\u00e9nek receptj\u00e9t tal\u00e1lta fel. Serf\u0151z\u0151 M\u00e1rta bank\u00e1ri karrrierj\u00e9t adta fel, hogy megalap\u00edtsa a Serf\u0151z\u0151 Gluten Free Bakery-t. A neh\u00e9zs\u00e9gek ellen\u00e9re kitartott, s ma a Gresham Palot\u00e1ban l\u00e9v\u0151 \u00e9tterem is [&hellip;]","og_url":"https:\/\/serfozoglutenfree.hu\/?page_id=218","og_site_name":"Serf\u0151z\u0151 Gluten Free Bakery","article_modified_time":"2020-12-14T07:05:42+00:00","og_image":[{"url":"http:\/\/serfozoglutenfree.hu\/wp-content\/uploads\/2020\/12\/BuszkesegeinkCover-500x500.jpg","type":"","width":"","height":""}],"twitter_card":"summary_large_image","twitter_misc":{"Becs\u00fclt olvas\u00e1si id\u0151":"1 perc"},"schema":{"@context":"https:\/\/schema.org","@graph":[{"@type":"WebPage","@id":"https:\/\/serfozoglutenfree.hu\/?page_id=218","url":"https:\/\/serfozoglutenfree.hu\/?page_id=218","name":"B\u00fcszkes\u00e9geink - Serf\u0151z\u0151 Gluten Free Bakery","isPartOf":{"@id":"https:\/\/serfozoglutenfree.hu\/#website"},"primaryImageOfPage":{"@id":"https:\/\/serfozoglutenfree.hu\/?page_id=218#primaryimage"},"image":{"@id":"https:\/\/serfozoglutenfree.hu\/?page_id=218#primaryimage"},"thumbnailUrl":"http:\/\/serfozoglutenfree.hu\/wp-content\/uploads\/2020\/12\/BuszkesegeinkCover-500x500.jpg","datePublished":"2020-11-25T17:55:01+00:00","dateModified":"2020-12-14T07:05:42+00:00","breadcrumb":{"@id":"https:\/\/serfozoglutenfree.hu\/?page_id=218#breadcrumb"},"inLanguage":"hu","potentialAction":[{"@type":"ReadAction","target":["https:\/\/serfozoglutenfree.hu\/?page_id=218"]}]},{"@type":"ImageObject","inLanguage":"hu","@id":"https:\/\/serfozoglutenfree.hu\/?page_id=218#primaryimage","url":"https:\/\/serfozoglutenfree.hu\/wp-content\/uploads\/2020\/12\/BuszkesegeinkCover-scaled.jpg","contentUrl":"https:\/\/serfozoglutenfree.hu\/wp-content\/uploads\/2020\/12\/BuszkesegeinkCover-scaled.jpg","width":2560,"height":1709},{"@type":"BreadcrumbList","@id":"https:\/\/serfozoglutenfree.hu\/?page_id=218#breadcrumb","itemListElement":[{"@type":"ListItem","position":1,"name":"Home","item":"https:\/\/serfozoglutenfree.hu\/"},{"@type":"ListItem","position":2,"name":"B\u00fcszkes\u00e9geink"}]},{"@type":"WebSite","@id":"https:\/\/serfozoglutenfree.hu\/#website","url":"https:\/\/serfozoglutenfree.hu\/","name":"Serf\u0151z\u0151 Gluten Free Bakery","description":"Pr\u00e9mium min\u0151s\u00e9g\u0171 glut\u00e9nmentes, bio teljes ki\u0151rl\u00e9s\u0171 lisztekb\u0151l k\u00e9sz\u00fclt kenyerek cs\u00f6kkentett sz\u00e9nhidr\u00e1t-, magas rosttartalommal.","potentialAction":[{"@type":"SearchAction","target":{"@type":"EntryPoint","urlTemplate":"https:\/\/serfozoglutenfree.hu\/?s={search_term_string}"},"query-input":{"@type":"PropertyValueSpecification","valueRequired":true,"valueName":"search_term_string"}}],"inLanguage":"hu"}]}},"_links":{"self":[{"href":"https:\/\/serfozoglutenfree.hu\/index.php?rest_route=\/wp\/v2\/pages\/218","targetHints":{"allow":["GET"]}}],"collection":[{"href":"https:\/\/serfozoglutenfree.hu\/index.php?rest_route=\/wp\/v2\/pages"}],"about":[{"href":"https:\/\/serfozoglutenfree.hu\/index.php?rest_route=\/wp\/v2\/types\/page"}],"author":[{"embeddable":true,"href":"https:\/\/serfozoglutenfree.hu\/index.php?rest_route=\/wp\/v2\/users\/2"}],"replies":[{"embeddable":true,"href":"https:\/\/serfozoglutenfree.hu\/index.php?rest_route=%2Fwp%2Fv2%2Fcomments&post=218"}],"version-history":[{"count":6,"href":"https:\/\/serfozoglutenfree.hu\/index.php?rest_route=\/wp\/v2\/pages\/218\/revisions"}],"predecessor-version":[{"id":1161,"href":"https:\/\/serfozoglutenfree.hu\/index.php?rest_route=\/wp\/v2\/pages\/218\/revisions\/1161"}],"wp:attachment":[{"href":"https:\/\/serfozoglutenfree.hu\/index.php?rest_route=%2Fwp%2Fv2%2Fmedia&parent=218"}],"curies":[{"name":"wp","href":"https:\/\/api.w.org\/{rel}","templated":true}]}}