{"id":147,"date":"2020-10-01T09:48:08","date_gmt":"2020-10-01T09:48:08","guid":{"rendered":"https:\/\/jupiterx.artbees.net\/cake-shop\/?page_id=147"},"modified":"2020-10-01T09:48:08","modified_gmt":"2020-10-01T09:48:08","slug":"cart-page","status":"publish","type":"page","link":"https:\/\/serfozoglutenfree.hu\/?page_id=147","title":{"rendered":"Cart page"},"content":{"rendered":"\n<div class=\"woocommerce\"><div class=\"woocommerce-notices-wrapper\"><\/div><div class=\"wc-empty-cart-message\">\n\t<div class=\"cart-empty woocommerce-info\" role=\"status\">\n\t\tJelenleg \u00fcres a bev\u00e1s\u00e1rl\u00f3kos\u00e1r.\t<\/div>\n<\/div>\t<p class=\"return-to-shop\">\n\t\t<a class=\"button wc-backward\" href=\"https:\/\/serfozoglutenfree.hu\/?page_id=158\">\n\t\t\tV\u00e1s\u00e1rl\u00e1s folytat\u00e1sa\t\t<\/a>\n\t<\/p>\n<\/div>\n","protected":false},"excerpt":{"rendered":"","protected":false},"author":2,"featured_media":0,"parent":0,"menu_order":0,"comment_status":"closed","ping_status":"closed","template":"","meta":{"_acf_changed":false,"_monsterinsights_skip_tracking":false,"_monsterinsights_sitenote_active":false,"_monsterinsights_sitenote_note":"","_monsterinsights_sitenote_category":0,"footnotes":""},"class_list":["post-147","page","type-page","status-publish","hentry"],"acf":[],"yoast_head":"<!-- This site is optimized with the Yoast SEO plugin v26.6 - https:\/\/yoast.com\/wordpress\/plugins\/seo\/ -->\n<title>Cake Shop - Jupiter X Templates<\/title>\n<meta name=\"description\" content=\"Yummy cakes can be displayed on the Jupiter X WP Theme\u2019s Cake Shop website template with its unique nav position and flavorful colors.\" \/>\n<meta name=\"robots\" content=\"index, follow, max-snippet:-1, max-image-preview:large, max-video-preview:-1\" \/>\n<link rel=\"canonical\" href=\"https:\/\/serfozoglutenfree.hu\/?page_id=147\" \/>\n<meta property=\"og:locale\" content=\"hu_HU\" \/>\n<meta property=\"og:type\" content=\"article\" \/>\n<meta property=\"og:title\" content=\"Cake Shop - Jupiter X Templates\" \/>\n<meta property=\"og:description\" content=\"Yummy cakes can be displayed on the Jupiter X WP Theme\u2019s Cake Shop website template with its unique nav position and flavorful colors.\" \/>\n<meta property=\"og:url\" content=\"https:\/\/serfozoglutenfree.hu\/?page_id=147\" \/>\n<meta property=\"og:site_name\" content=\"Serf\u0151z\u0151 Gluten Free Bakery\" \/>\n<meta name=\"twitter:card\" content=\"summary_large_image\" \/>\n<script type=\"application\/ld+json\" class=\"yoast-schema-graph\">{\"@context\":\"https:\/\/schema.org\",\"@graph\":[{\"@type\":\"WebPage\",\"@id\":\"https:\/\/serfozoglutenfree.hu\/?page_id=147\",\"url\":\"https:\/\/serfozoglutenfree.hu\/?page_id=147\",\"name\":\"Cake Shop - Jupiter X Templates\",\"isPartOf\":{\"@id\":\"https:\/\/serfozoglutenfree.hu\/#website\"},\"datePublished\":\"2020-10-01T09:48:08+00:00\",\"description\":\"Yummy cakes can be displayed on the Jupiter X WP Theme\u2019s Cake Shop website template with its unique nav position and flavorful colors.\",\"breadcrumb\":{\"@id\":\"https:\/\/serfozoglutenfree.hu\/?page_id=147#breadcrumb\"},\"inLanguage\":\"hu\",\"potentialAction\":[{\"@type\":\"ReadAction\",\"target\":[\"https:\/\/serfozoglutenfree.hu\/?page_id=147\"]}]},{\"@type\":\"BreadcrumbList\",\"@id\":\"https:\/\/serfozoglutenfree.hu\/?page_id=147#breadcrumb\",\"itemListElement\":[{\"@type\":\"ListItem\",\"position\":1,\"name\":\"Home\",\"item\":\"https:\/\/serfozoglutenfree.hu\/\"},{\"@type\":\"ListItem\",\"position\":2,\"name\":\"Cart page\"}]},{\"@type\":\"WebSite\",\"@id\":\"https:\/\/serfozoglutenfree.hu\/#website\",\"url\":\"https:\/\/serfozoglutenfree.hu\/\",\"name\":\"Serf\u0151z\u0151 Gluten Free Bakery\",\"description\":\"Pr\u00e9mium min\u0151s\u00e9g\u0171 glut\u00e9nmentes, bio teljes ki\u0151rl\u00e9s\u0171 lisztekb\u0151l k\u00e9sz\u00fclt kenyerek cs\u00f6kkentett sz\u00e9nhidr\u00e1t-, magas rosttartalommal.\",\"potentialAction\":[{\"@type\":\"SearchAction\",\"target\":{\"@type\":\"EntryPoint\",\"urlTemplate\":\"https:\/\/serfozoglutenfree.hu\/?s={search_term_string}\"},\"query-input\":{\"@type\":\"PropertyValueSpecification\",\"valueRequired\":true,\"valueName\":\"search_term_string\"}}],\"inLanguage\":\"hu\"}]}<\/script>\n<!-- \/ Yoast SEO plugin. -->","yoast_head_json":{"title":"Cake Shop - Jupiter X Templates","description":"Yummy cakes can be displayed on the Jupiter X WP Theme\u2019s Cake Shop website template with its unique nav position and flavorful colors.","robots":{"index":"index","follow":"follow","max-snippet":"max-snippet:-1","max-image-preview":"max-image-preview:large","max-video-preview":"max-video-preview:-1"},"canonical":"https:\/\/serfozoglutenfree.hu\/?page_id=147","og_locale":"hu_HU","og_type":"article","og_title":"Cake Shop - Jupiter X Templates","og_description":"Yummy cakes can be displayed on the Jupiter X WP Theme\u2019s Cake Shop website template with its unique nav position and flavorful colors.","og_url":"https:\/\/serfozoglutenfree.hu\/?page_id=147","og_site_name":"Serf\u0151z\u0151 Gluten Free Bakery","twitter_card":"summary_large_image","schema":{"@context":"https:\/\/schema.org","@graph":[{"@type":"WebPage","@id":"https:\/\/serfozoglutenfree.hu\/?page_id=147","url":"https:\/\/serfozoglutenfree.hu\/?page_id=147","name":"Cake Shop - Jupiter X Templates","isPartOf":{"@id":"https:\/\/serfozoglutenfree.hu\/#website"},"datePublished":"2020-10-01T09:48:08+00:00","description":"Yummy cakes can be displayed on the Jupiter X WP Theme\u2019s Cake Shop website template with its unique nav position and flavorful colors.","breadcrumb":{"@id":"https:\/\/serfozoglutenfree.hu\/?page_id=147#breadcrumb"},"inLanguage":"hu","potentialAction":[{"@type":"ReadAction","target":["https:\/\/serfozoglutenfree.hu\/?page_id=147"]}]},{"@type":"BreadcrumbList","@id":"https:\/\/serfozoglutenfree.hu\/?page_id=147#breadcrumb","itemListElement":[{"@type":"ListItem","position":1,"name":"Home","item":"https:\/\/serfozoglutenfree.hu\/"},{"@type":"ListItem","position":2,"name":"Cart page"}]},{"@type":"WebSite","@id":"https:\/\/serfozoglutenfree.hu\/#website","url":"https:\/\/serfozoglutenfree.hu\/","name":"Serf\u0151z\u0151 Gluten Free Bakery","description":"Pr\u00e9mium min\u0151s\u00e9g\u0171 glut\u00e9nmentes, bio teljes ki\u0151rl\u00e9s\u0171 lisztekb\u0151l k\u00e9sz\u00fclt kenyerek cs\u00f6kkentett sz\u00e9nhidr\u00e1t-, magas rosttartalommal.","potentialAction":[{"@type":"SearchAction","target":{"@type":"EntryPoint","urlTemplate":"https:\/\/serfozoglutenfree.hu\/?s={search_term_string}"},"query-input":{"@type":"PropertyValueSpecification","valueRequired":true,"valueName":"search_term_string"}}],"inLanguage":"hu"}]}},"_links":{"self":[{"href":"https:\/\/serfozoglutenfree.hu\/index.php?rest_route=\/wp\/v2\/pages\/147","targetHints":{"allow":["GET"]}}],"collection":[{"href":"https:\/\/serfozoglutenfree.hu\/index.php?rest_route=\/wp\/v2\/pages"}],"about":[{"href":"https:\/\/serfozoglutenfree.hu\/index.php?rest_route=\/wp\/v2\/types\/page"}],"author":[{"embeddable":true,"href":"https:\/\/serfozoglutenfree.hu\/index.php?rest_route=\/wp\/v2\/users\/2"}],"replies":[{"embeddable":true,"href":"https:\/\/serfozoglutenfree.hu\/index.php?rest_route=%2Fwp%2Fv2%2Fcomments&post=147"}],"version-history":[{"count":0,"href":"https:\/\/serfozoglutenfree.hu\/index.php?rest_route=\/wp\/v2\/pages\/147\/revisions"}],"wp:attachment":[{"href":"https:\/\/serfozoglutenfree.hu\/index.php?rest_route=%2Fwp%2Fv2%2Fmedia&parent=147"}],"curies":[{"name":"wp","href":"https:\/\/api.w.org\/{rel}","templated":true}]}}